{"id":6701,"date":"2020-09-22T10:12:06","date_gmt":"2020-09-22T02:12:06","guid":{"rendered":"https:\/\/osgcontainers.com\/en-au\/?page_id=6701"},"modified":"2025-01-27T21:46:27","modified_gmt":"2025-01-27T13:46:27","slug":"ho-chi-minh-shipping-container","status":"publish","type":"page","link":"https:\/\/osgcontainers.com\/vn\/ho-chi-minh-shipping-container\/","title":{"rendered":"Ho Chi Minh Shipping Container"},"content":{"rendered":"<p class=\"lead\" style=\"color: white; font-size: 0%; text-align: center;\"><strong>adelaide shipping containers<\/strong><\/p>\n\t<section class=\"section dark\" id=\"section_1321197787\">\r\n\t\t<div class=\"bg section-bg fill bg-fill  \" >\r\n\r\n\t\t\t\r\n\t\t\t<div class=\"section-bg-overlay absolute fill\"><\/div>\r\n\t\t\t\r\n\r\n\t\t<\/div><!-- .section-bg -->\r\n\r\n\t\t<div class=\"section-content relative\">\r\n\t\t\t\n<div class=\"row align-center\"  id=\"row-955201323\">\n<div class=\"col medium-10 small-12 large-6\"  ><div class=\"col-inner text-center\"  >\n<h2 style=\"text-align: center;\"><strong><span style=\"font-size: 150%;\"><\/span><\/strong><strong><span style=\"font-size: 150%;\">B\u00e1n Th\u00f9ng Container t\u1ea1i H\u1ed3 Ch\u00ed Minh<\/span><\/strong><\/h2>\n<p style=\"text-align: center;\">T\u00ecm ki\u1ebfm container t\u1ea1i H\u1ed3 Ch\u00ed Minh c\u00f3 th\u1ec3 khi\u1ebfn b\u1ea1n c\u1ea3m th\u1ea5y b\u1ed1i r\u1ed1i v\u1edbi qu\u00e1 nhi\u1ec1u s\u1ef1 l\u1ef1a ch\u1ecdn. Nh\u01b0ng \u0111\u1eebng lo, ch\u00fang t\u00f4i lu\u00f4n s\u1eb5n s\u00e0ng \u0111\u1ed3ng h\u00e0nh c\u00f9ng b\u1ea1n! L\u00e0 nh\u00e0 cung c\u1ea5p th\u00f9ng container uy t\u00edn h\u00e0ng \u0111\u1ea7u t\u1ea1i Vi\u1ec7t Nam, ch\u00fang t\u00f4i cam k\u1ebft mang l\u1ea1i s\u1ef1 h\u00e0i l\u00f2ng v\u00e0 tin c\u1eady tuy\u1ec7t \u0111\u1ed1i cho b\u1ea1n.<\/p>\n<a href=\"https:\/\/osgcontainers.com\/vn\/contact\/\" target=\"_self\" class=\"button secondary\"  >\r\n    <span>Li\u00ean h\u1ec7 ch\u00fang t\u00f4i<\/span>\r\n  <i class=\"icon-angle-right\" ><\/i><\/a>\r\n\n<\/div><\/div>\n\n<style scope=\"scope\">\n\n<\/style>\n<\/div>\n\t\t<\/div><!-- .section-content -->\r\n\r\n\t\t\n<style scope=\"scope\">\n\n#section_1321197787 {\n  padding-top: 30px;\n  padding-bottom: 30px;\n  min-height: 450px;\n}\n#section_1321197787 .section-bg-overlay {\n  background-color: rgba(0, 0, 0, 0.39);\n}\n#section_1321197787 .section-bg.bg-loaded {\n  background-image: url(https:\/\/osgcontainers.com\/vn\/wp-content\/uploads\/sites\/18\/2020\/09\/pat-whelen-Cxf7lHTJKd8-unsplash-scaled.jpg);\n}\n<\/style>\n\t<\/section>\r\n\t\n\t<section class=\"section\" id=\"section_1997060365\">\r\n\t\t<div class=\"bg section-bg fill bg-fill  bg-loaded\" >\r\n\r\n\t\t\t\r\n\t\t\t\r\n\t\t\t\r\n\r\n\t\t<\/div><!-- .section-bg -->\r\n\r\n\t\t<div class=\"section-content relative\">\r\n\t\t\t\n<div class=\"gap-element\" style=\"display:block; height:auto; padding-top:50px\" class=\"clearfix\"><\/div>\n<div class=\"row align-center\"  id=\"row-34749415\">\n<div class=\"col medium-4 small-10 large-4\"  ><div class=\"col-inner\" style=\"padding:0px 40px 0px 0px;\" >\n<h2><span style=\"font-size: 150%;\"><strong>\u0110\u1ea7u ti\u00ean<\/strong>,<\/span><\/h2>\n<p>c\u00e1c th\u00f9ng container c\u1ee7a ch\u00fang t\u00f4i \u0111\u01b0\u1ee3c \u0111\u1eb7t t\u1ea1i H\u1ed3 Ch\u00ed Minh, Vi\u1ec7t Nam, n\u01a1i c\u00f3 th\u1ec3 ti\u1ebfp c\u1eadn m\u1ed9t c\u00e1ch thu\u1eadn ti\u1ec7n.<\/p>\n<\/div><\/div>\n<div class=\"col medium-8 small-10 large-8\"  ><div class=\"col-inner\"  >\n<p>C\u00f4ng ty ch\u00fang t\u00f4i ho\u1ea1t \u0111\u1ed9ng r\u1ed9ng r\u00e3i t\u1ea1i c\u00e1c th\u00e0nh ph\u1ed1 l\u1edbn tr\u00ean to\u00e0n qu\u1ed1c, nh\u1eb1m \u0111\u00e1p \u1ee9ng nhu c\u1ea7u mua container c\u1ee7a kh\u00e1ch h\u00e0ng. G\u1ea7n \u0111\u00e2y, ch\u00fang t\u00f4i \u0111\u00e3 t\u1ea1o \u0111i\u1ec1u ki\u1ec7n thu\u1eadn l\u1ee3i h\u01a1n b\u1eb1ng c\u00e1ch cung c\u1ea5p th\u00f9ng container b\u00e1n t\u1ea1i Vi\u1ec7t Nam, ph\u1ee5c v\u1ee5 kh\u00e1ch h\u00e0ng \u1edf c\u00e1c th\u00e0nh ph\u1ed1 trong n\u01b0\u1edbc v\u00e0 khu v\u1ef1c l\u00e2n c\u1eadn.<\/p>\n<p>V\u1edbi nhu c\u1ea7u ng\u00e0y c\u00e0ng t\u0103ng tr\u00ean th\u1ecb tr\u01b0\u1eddng, ch\u00fang t\u00f4i cung c\u1ea5p \u0111a d\u1ea1ng c\u00e1c lo\u1ea1i Th\u00f9ng Container t\u1ea1i Th\u00e0nh ph\u1ed1 H\u1ed3 Ch\u00ed Minh, v\u1edbi nhi\u1ec1u k\u00edch th\u01b0\u1edbc v\u00e0 m\u1eabu m\u00e3 kh\u00e1c nhau. T\u00f9y theo y\u00eau c\u1ea7u v\u00e0 m\u1ee5c \u0111\u00edch s\u1eed d\u1ee5ng c\u1ee7a kh\u00e1ch h\u00e0ng, ch\u00fang t\u00f4i cam k\u1ebft mang \u0111\u1ebfn nh\u1eefng s\u1ea3n ph\u1ea9m ch\u1ea5t l\u01b0\u1ee3ng t\u1ed1t nh\u1ea5t.<\/p>\n<\/div><\/div>\n\n<style scope=\"scope\">\n\n<\/style>\n<\/div>\n<div class=\"row align-center\"  id=\"row-855426251\">\n<div class=\"col medium-4 small-10 large-4\"  ><div class=\"col-inner\" style=\"padding:0px 40px 0px 0px;\" >\n<h2><b>Container Kh\u00f4<\/b><\/h2>\n<\/div><\/div>\n<div class=\"col medium-8 small-10 large-8\"  ><div class=\"col-inner\"  >\n<p>B\u1ea1n \u0111ang t\u00ecm ki\u1ebfm m\u1ed9t <strong><a href=\"https:\/\/osgcontainers.com\/vn\/general-purpose-shipping-container\/\">Th\u00f9ng Container<\/a><\/strong> \u0111\u1ec3 di chuy\u1ec3n h\u00e0ng h\u00f3a ho\u1eb7c ch\u1ec9 c\u1ea7n m\u1ed9t gi\u1ea3i ph\u00e1p l\u01b0u tr\u1eef g\u1ea7n t\u00e0i s\u1ea3n c\u1ee7a m\u00ecnh? D\u00f9 b\u1ea1n l\u00e0 ng\u01b0\u1eddi ti\u00eau d\u00f9ng, doanh nghi\u1ec7p trong ng\u00e0nh v\u1eadn t\u1ea3i, h\u00e0ng h\u00f3a hay giao th\u00f4ng v\u1eadn t\u1ea3i,\u0111\u1eebng t\u00ecm \u0111\u00e2u xa! OSG Containers lu\u00f4n s\u1eb5n s\u00e0ng m\u1ecdi nhu c\u1ea7u c\u1ee7a b\u1ea1n.<\/p>\n<p>Th\u00f9ng Container \u0111\u1ec3 b\u00e1n t\u1ea1i H\u1ed3 Ch\u00ed Minh cung c\u1ea5p c\u00e1c lo\u1ea1i container m\u1edbi v\u00e0 \u0111\u00e3 qua s\u1eed d\u1ee5ng. N\u1ebfu b\u1ea1n c\u00f3 nhu c\u1ea7u v\u1eadn chuy\u1ec3n h\u00e0ng h\u00f3a ra n\u01b0\u1edbc ngo\u00e0i, ch\u00fang t\u00f4i c\u00f3 th\u1ec3 n\u00e2ng c\u1ea5p container k\u00edn gi\u00f3 (WWT) th\u00e0nh lo\u1ea1i c\u00f3 th\u1ec3 v\u1eadn chuy\u1ec3n h\u00e0ng h\u00f3a (CW). Sau khi kh\u1ea3o s\u00e1t, hi\u1ec7u l\u1ef1c c\u1ee7a bi\u1ec3n s\u1ed1 CSC tr\u00ean c\u00e1c container s\u1ebd \u0111\u01b0\u1ee3c gia h\u1ea1n v\u00e0 d\u00e1n nh\u00e3n ng\u00e0y m\u1edbi.<\/p>\n<p>Th\u00f9ng Container \u0111\u1ec3 b\u00e1n t\u1ea1i H\u1ed3 Ch\u00ed Minh c\u00f3 c\u00e1c lo\u1ea1i container ch\u1ea5t l\u01b0\u1ee3ng t\u1ed1t nh\u1ea5t ch\u1eafc ch\u1eafn s\u1ebd \u0111\u00e1p \u1ee9ng nhu c\u1ea7u c\u1ee7a b\u1ea1n.<\/p>\n<p>Th\u00f9ng Container \u0111\u1ec3 b\u00e1n t\u1ea1i H\u1ed3 Ch\u00ed Minh cung c\u1ea5p c\u00e1c lo\u1ea1i <strong><a href=\"https:\/\/osgcontainers.com\/vn\/shipping-container-dimensions\/\">container 20 feet<\/a><\/strong> v\u00e0 <strong><a href=\"https:\/\/osgcontainers.com\/vn\/shipping-container-dimensions\/\">40 feet<\/a><\/strong>, v\u1edbi k\u00edch th\u01b0\u1edbc th\u00f9ng container d\u00e0nh cho <strong><a href=\"https:\/\/osgcontainers.com\/vn\/shipping-container-dimensions\/\">v\u1eadn chuy\u1ec3n qu\u1ed1c t\u1ebf<\/a><\/strong>.<\/p>\n<\/div><\/div>\n\n<style scope=\"scope\">\n\n<\/style>\n<\/div>\n<div class=\"row align-center\"  id=\"row-1019520030\">\n<div class=\"col medium-4 small-10 large-4\"  ><div class=\"col-inner\" style=\"padding:0px 40px 0px 0px;\" >\n<h2><b>Container C\u00f4ng cao<\/b><\/h2>\n<\/div><\/div>\n<div class=\"col medium-8 small-10 large-8\"  ><div class=\"col-inner\"  >\n<p>M\u1ed9t s\u1ed1 m\u1eb7t h\u00e0ng c\u00f3 k\u00edch th\u01b0\u1edbc qu\u00e1 l\u1edbn \u0111\u1ec3 v\u1eeba v\u1edbi th\u00f9ng container th\u00f4ng th\u01b0\u1eddng. Do \u0111\u00f3, th\u00f9ng container b\u00e1n t\u1ea1i H\u1ed3 Ch\u00ed Minh cung c\u1ea5p gi\u1ea3i ph\u00e1p thay th\u1ebf v\u1edbi <a href=\"http:\/\/osgcontainers.com\/en-vn\/high-cube-container\"><strong>Container c\u00f4ng cao<\/strong><\/a>, mang l\u1ea1i kh\u00f4ng gian l\u01b0u tr\u1eef r\u1ed9ng r\u00e3i h\u01a1n. V\u1edbi chi\u1ec1u cao t\u0103ng th\u00eam 1 feet so v\u1edbi th\u00f9ng container ti\u00eau chu\u1ea9n, b\u1ea1n c\u00f3 th\u1ec3 t\u1eadn d\u1ee5ng kh\u00f4ng gian ph\u00eda tr\u00ean \u0111\u1ec3 l\u01b0u tr\u1eef nhi\u1ec1u h\u01a1n, trong khi v\u1eabn \u0111\u1ea3m b\u1ea3o ch\u1ea5t l\u01b0\u1ee3ng l\u01b0u tr\u1eef nh\u01b0 container th\u00f4ng th\u01b0\u1eddng.<\/p>\n<\/div><\/div>\n\n<style scope=\"scope\">\n\n<\/style>\n<\/div>\n<div class=\"row align-center\"  id=\"row-1369353096\">\n<div class=\"col medium-4 small-10 large-4\"  ><div class=\"col-inner\" style=\"padding:0px 40px 0px 0px;\" >\n<h2><b>Container m\u1edf n\u00f3c <\/b><\/h2>\n<\/div><\/div>\n<div class=\"col medium-8 small-10 large-8\"  ><div class=\"col-inner\"  >\n<p>Khi b\u1ea1n ngh\u0129 r\u1eb1ng container l\u01b0u tr\u1eef v\u00e0 c\u00f4ng cao l\u00e0 t\u1ea5t c\u1ea3 nh\u1eefng g\u00ec b\u1ea1n c\u00f3 th\u1ec3 t\u00ecm \u0111\u01b0\u1ee3c v\u1ec1 container th\u00ec ch\u00fang t\u00f4i xin gi\u1edbi thi\u1ec7u cho b\u1ea1n Container m\u1edf n\u00f3c nhi\u1ec1u tho\u1ea3i m\u00e1i h\u01a1n v\u00e0 nhi\u1ec1u kh\u00f4ng gian h\u01a1n n\u1ebfu b\u1ea1n c\u1ea7n di chuy\u1ec3n h\u00e0ng h\u00f3a ho\u1eb7c v\u1eadt ph\u1ea9m \u0111\u1ee7 cao \u0111\u1ec3 v\u1eeba b\u00ean trong m\u1ed9t <a href=\"http:\/\/osgcontainers.com\/en-vn\/open-top-container\"><strong>th\u00f9ng container<\/strong><\/a> \u0111\u00f3ng k\u00edn. S\u1ebd d\u1ec5 d\u00e0ng \u0111\u1ec3 di chuy\u1ec3n c\u00e1c c\u00f4ng c\u1ee5 v\u00e0 m\u00e1y m\u00f3c h\u1ea1ng n\u1eb7ng \u0111\u00e3 l\u1eafp r\u00e1p ho\u00e0n ch\u1ec9nh, c\u00e2y c\u1ed1i hay nh\u1eefng c\u00e2y l\u1edbn, ph\u1ebf li\u1ec7u kim lo\u1ea1i v\u00e0 c\u00e1c m\u1eb7t h\u00e0ng c\u1ed3ng k\u1ec1nh kh\u00e1c ch\u1ec9 c\u00f3 th\u1ec3 \u0111\u01b0\u1ee3c ch\u1ea5t v\u00e0 d\u1ee1 t\u1eeb tr\u00ean xu\u1ed1ng.<\/p>\n<\/div><\/div>\n\n<style scope=\"scope\">\n\n<\/style>\n<\/div>\n<div class=\"row align-center\"  id=\"row-1990966205\">\n<div class=\"col medium-4 small-10 large-4\"  ><div class=\"col-inner\" style=\"padding:0px 40px 0px 0px;\" >\n<h2><b>Container l\u1ea1nh<\/b><\/h2>\n<\/div><\/div>\n<div class=\"col medium-8 small-10 large-8\"  ><div class=\"col-inner\"  >\n<p><a href=\"https:\/\/osgcontainers.com\/vn\/reefer-container\/\"><strong>Container l\u1ea1nh<\/strong><\/a> l\u00e0 lo\u1ea1i container ph\u1ed5 bi\u1ebfn nh\u1ea5t, \u0111\u01b0\u1ee3c s\u1eed d\u1ee5ng ch\u1ee7 y\u1ebfu \u0111\u1ec3 v\u1eadn chuy\u1ec3n ho\u1eb7c l\u01b0u tr\u1eef c\u00e1c m\u1eb7t h\u00e0ng c\u1ea7n duy tr\u00ec nhi\u1ec7t \u0111\u1ed9 l\u1ea1nh. V\u1edbi ph\u1ea1m vi nhi\u1ec7t \u0111\u1ed9 t\u1eeb -25\u00b0C \u0111\u1ebfn 25\u00b0C, container l\u1ea1nh r\u1ea5t ph\u00f9 h\u1ee3p \u0111\u1ec3 b\u1ea3o qu\u1ea3n c\u00e1c m\u1eb7t h\u00e0ng d\u1ec5 h\u1ecfng, th\u1ef1c ph\u1ea9m \u0111\u00f4ng l\u1ea1nh, thu\u1ed1c men v\u00e0 nhi\u1ec1u s\u1ea3n ph\u1ea9m kh\u00e1c c\u1ea7n m\u00f4i tr\u01b0\u1eddng l\u1ea1nh \u0111\u1ec3 \u0111\u1ea3m b\u1ea3o ch\u1ea5t l\u01b0\u1ee3ng. Th\u00f9ng container b\u00e1n t\u1ea1i H\u1ed3 Ch\u00ed Minh cung c\u1ea5p c\u00e1c k\u00edch th\u01b0\u1edbc ti\u00eau chu\u1ea9n 20ft v\u00e0 40ft.<\/p>\n<p>N\u1ebfu b\u1ea1n \u0111ang t\u00ecm<strong><a href=\"https:\/\/osgcontainers.com\/vn\/product-category\/products\/\"> th\u00f9ng container gi\u00e1 r\u1ebb<\/a><\/strong>, ch\u1ea5t l\u01b0\u1ee3ng t\u1ed1t v\u1edbi d\u1ecbch v\u1ee5 uy t\u00edn v\u00e0 <strong><a href=\"https:\/\/osgcontainers.com\/vn\/product-category\/products\/\">gi\u00e1 c\u1ea3 c\u1ea1nh tranh<\/a><\/strong>, OSG Containers ch\u00ednh l\u00e0 l\u1ef1a ch\u1ecdn h\u00e0ng \u0111\u1ea7u. Li\u00ean h\u1ec7 v\u1edbi ch\u00fang t\u00f4i \u0111\u1ec3 <strong><a href=\"https:\/\/osgcontainers.com\/vn\/product-category\/products\/\">mua th\u00f9ng container<\/a><\/strong> ngay h\u00f4m nay!<\/p>\n<\/div><\/div>\n\n<style scope=\"scope\">\n\n<\/style>\n<\/div>\n\t\t<\/div><!-- .section-content -->\r\n\r\n\t\t\n<style scope=\"scope\">\n\n#section_1997060365 {\n  padding-top: 20px;\n  padding-bottom: 20px;\n}\n<\/style>\n\t<\/section>\r\n\t\n<div class=\"row\"  id=\"row-332102781\">\n<div class=\"col small-12 large-12\"  ><div class=\"col-inner\"  >\n<h2 style=\"text-align: center;\"><strong>Frequently Asked Questions<\/strong><\/h2>\n<div class=\"accordion\" rel=\"\">\n<div class=\"accordion-item\"><a href=\"#\" class=\"accordion-title plain\"><button class=\"toggle\"><i class=\"icon-angle-down\"><\/i><\/button><span>What should I look for when buying a shipping container?<\/span><\/a><div class=\"accordion-inner\">\n<p>First of all, You need to prep the location of your\u00a0<strong><a href=\"https:\/\/osgcontainers.com\/vn\/shipping-containers\/\">dry container<\/a><\/strong> before it arrives. The careful preparation relies on what you will use the unit for and how long it will be there. Dryland won\u2019t need much preparation before it can host a shipping container but the uneven or dump land might need to get filled first. Land that\u2019s prone to floods, sloped or rocky is never good for container storage. Choose the location wisely so that you\u2019ll have less work to deal with. Typically, you\u2019ll also need the authorization to put these containers in highly public locations or residential areas. But if you are situated in a more country area, you might not need a permit.<\/p>\n<p>Secondly, you need to look for the Ideal Container Distributor with good reputation. Knowing the background of your distributor will secure your chance of purchasing quality containers from trustworthy people.<\/p>\n<p>Lastly, check what will the shipping containers used for. There are different conditions of a container that caters to different needs.<\/p>\n<p>Alternatively, if you have any questions, feel free to contact us at\u00a0<strong><a style=\"font-size: 14.4px;\" href=\"mailto:sales.vn@osgcontainers.com\">sales.vn@osgcontainers.com<\/a><br \/><\/strong>Throughout the buying process, we will also provide you with duly assistance and guidance.<\/p>\n<\/div><\/div>\n<div class=\"accordion-item\"><a href=\"#\" class=\"accordion-title plain\"><button class=\"toggle\"><i class=\"icon-angle-down\"><\/i><\/button><span>What is the weight of an empty 20 foot shipping container?<\/span><\/a><div class=\"accordion-inner\">\n<p><span class=\"s1\">it commands a space area of 160 square feet and weighs around 2.2 tons.<br \/>\nYou can check out our <strong><a href=\"https:\/\/osgcontainers.com\/vn\/shipping-container-dimensions\/\">Shipping Container Dimensions<\/a><\/strong> for specifications of different types of containers as well.\u00a0<\/span><\/p>\n<\/div><\/div>\n<div class=\"accordion-item\"><a href=\"#\" class=\"accordion-title plain\"><button class=\"toggle\"><i class=\"icon-angle-down\"><\/i><\/button><span>How much is a 40 foot container?<\/span><\/a><div class=\"accordion-inner\">\n<p>Container prices vary based on type, size, condition, and location. For instance, a used 20ft GP container generally ranges from USD$1,500 to USD$1,800, while a used 40ft GP container typically falls between USD$1,500 and USD$2,500. It\u2019s important to note that the prices provided are subject to availability of stock and market price movements.<\/p>\n<p>For more accurate pricing, feel free to contact us at\u00a0<strong><a href=\"mailto:sales.vn@osgcontainers.com\" target=\"_new\" rel=\"noopener\">sales.vn@osgcontainers.com<\/a><\/strong>. Share your budget with us, and we will provide you with a quotation for the container that best fits your needs.\u00a0<\/p>\n<\/div><\/div>\n<div class=\"accordion-item\"><a href=\"#\" class=\"accordion-title plain\"><button class=\"toggle\"><i class=\"icon-angle-down\"><\/i><\/button><span>Can I use a shipping container as a garage?<\/span><\/a><div class=\"accordion-inner\">\n<p>Definitely. Shipping containers can be excellent for setting up a spacious yet affordable garage. You can buy shipping container that\u2019s basic and then modify it to suit your requirements.<\/p>\n<\/div><\/div>\n<\/div>\n<\/div><\/div>\n<\/div>\n","protected":false},"excerpt":{"rendered":"<p>adelaide shipping containers<\/p>\n","protected":false},"author":10,"featured_media":2429,"parent":0,"menu_order":1,"comment_status":"closed","ping_status":"closed","template":"page-blank.php","meta":{"_monsterinsights_skip_tracking":false,"_monsterinsights_sitenote_active":false,"_monsterinsights_sitenote_note":"","_monsterinsights_sitenote_category":0,"footnotes":""},"class_list":["post-6701","page","type-page","status-publish","has-post-thumbnail","hentry"],"yoast_head":"<!-- This site is optimized with the Yoast SEO plugin v27.4 - https:\/\/yoast.com\/product\/yoast-seo-wordpress\/ -->\n<title>Ho Chi Minh Shipping Container | Shipping Containers for Sale<\/title>\n<meta name=\"description\" content=\"OSG Containers offers new and used condition Ho Chi Minh shipping containers. We are able to upgrade WWT to Cargo Worthy (CW) .\" \/>\n<meta name=\"robots\" content=\"index, follow, max-snippet:-1, max-image-preview:large, max-video-preview:-1\" \/>\n<link rel=\"canonical\" href=\"https:\/\/osgcontainers.com\/vn\/ho-chi-minh-shipping-container\/\" \/>\n<meta property=\"og:locale\" content=\"en_US\" \/>\n<meta property=\"og:type\" content=\"article\" \/>\n<meta property=\"og:title\" content=\"Ho Chi Minh Shipping Container | Shipping Containers for Sale\" \/>\n<meta property=\"og:description\" content=\"OSG Containers offers new and used condition Ho Chi Minh shipping containers. We are able to upgrade WWT to Cargo Worthy (CW) .\" \/>\n<meta property=\"og:url\" content=\"https:\/\/osgcontainers.com\/vn\/ho-chi-minh-shipping-container\/\" \/>\n<meta property=\"og:site_name\" content=\"OSG Containers Vietnam\" \/>\n<meta property=\"article:modified_time\" content=\"2025-01-27T13:46:27+00:00\" \/>\n<meta property=\"og:image\" content=\"https:\/\/osgcontainers.com\/vn\/wp-content\/uploads\/sites\/18\/2018\/12\/32372816_2052797214943269_7399940669155835904_o.jpg\" \/>\n\t<meta property=\"og:image:width\" content=\"1080\" \/>\n\t<meta property=\"og:image:height\" content=\"810\" \/>\n\t<meta property=\"og:image:type\" content=\"image\/jpeg\" \/>\n<meta name=\"twitter:card\" content=\"summary_large_image\" \/>\n<meta name=\"twitter:label1\" content=\"Est. reading time\" \/>\n\t<meta name=\"twitter:data1\" content=\"9 minutes\" \/>\n<script type=\"application\/ld+json\" class=\"yoast-schema-graph\">{\"@context\":\"https:\\\/\\\/schema.org\",\"@graph\":[{\"@type\":\"WebPage\",\"@id\":\"https:\\\/\\\/osgcontainers.com\\\/vn\\\/ho-chi-minh-shipping-container\\\/\",\"url\":\"https:\\\/\\\/osgcontainers.com\\\/vn\\\/ho-chi-minh-shipping-container\\\/\",\"name\":\"Ho Chi Minh Shipping Container | Shipping Containers for Sale\",\"isPartOf\":{\"@id\":\"https:\\\/\\\/osgcontainers.com\\\/vn\\\/#website\"},\"primaryImageOfPage\":{\"@id\":\"https:\\\/\\\/osgcontainers.com\\\/vn\\\/ho-chi-minh-shipping-container\\\/#primaryimage\"},\"image\":{\"@id\":\"https:\\\/\\\/osgcontainers.com\\\/vn\\\/ho-chi-minh-shipping-container\\\/#primaryimage\"},\"thumbnailUrl\":\"https:\\\/\\\/osgcontainers.com\\\/vn\\\/wp-content\\\/uploads\\\/sites\\\/18\\\/2018\\\/12\\\/32372816_2052797214943269_7399940669155835904_o.jpg\",\"datePublished\":\"2020-09-22T02:12:06+00:00\",\"dateModified\":\"2025-01-27T13:46:27+00:00\",\"description\":\"OSG Containers offers new and used condition Ho Chi Minh shipping containers. We are able to upgrade WWT to Cargo Worthy (CW) .\",\"breadcrumb\":{\"@id\":\"https:\\\/\\\/osgcontainers.com\\\/vn\\\/ho-chi-minh-shipping-container\\\/#breadcrumb\"},\"inLanguage\":\"en-US\",\"potentialAction\":[{\"@type\":\"ReadAction\",\"target\":[\"https:\\\/\\\/osgcontainers.com\\\/vn\\\/ho-chi-minh-shipping-container\\\/\"]}]},{\"@type\":\"ImageObject\",\"inLanguage\":\"en-US\",\"@id\":\"https:\\\/\\\/osgcontainers.com\\\/vn\\\/ho-chi-minh-shipping-container\\\/#primaryimage\",\"url\":\"https:\\\/\\\/osgcontainers.com\\\/vn\\\/wp-content\\\/uploads\\\/sites\\\/18\\\/2018\\\/12\\\/32372816_2052797214943269_7399940669155835904_o.jpg\",\"contentUrl\":\"https:\\\/\\\/osgcontainers.com\\\/vn\\\/wp-content\\\/uploads\\\/sites\\\/18\\\/2018\\\/12\\\/32372816_2052797214943269_7399940669155835904_o.jpg\",\"width\":1080,\"height\":810},{\"@type\":\"BreadcrumbList\",\"@id\":\"https:\\\/\\\/osgcontainers.com\\\/vn\\\/ho-chi-minh-shipping-container\\\/#breadcrumb\",\"itemListElement\":[{\"@type\":\"ListItem\",\"position\":1,\"name\":\"Home\",\"item\":\"https:\\\/\\\/osgcontainers.com\\\/vn\\\/\"},{\"@type\":\"ListItem\",\"position\":2,\"name\":\"Ho Chi Minh Shipping Container\"}]},{\"@type\":\"WebSite\",\"@id\":\"https:\\\/\\\/osgcontainers.com\\\/vn\\\/#website\",\"url\":\"https:\\\/\\\/osgcontainers.com\\\/vn\\\/\",\"name\":\"OSG Containers Vietnam\",\"description\":\"Buy, sell or rent containers &amp; modular space solutions in Vietnam\",\"potentialAction\":[{\"@type\":\"SearchAction\",\"target\":{\"@type\":\"EntryPoint\",\"urlTemplate\":\"https:\\\/\\\/osgcontainers.com\\\/vn\\\/?s={search_term_string}\"},\"query-input\":{\"@type\":\"PropertyValueSpecification\",\"valueRequired\":true,\"valueName\":\"search_term_string\"}}],\"inLanguage\":\"en-US\"}]}<\/script>\n<!-- \/ Yoast SEO plugin. -->","yoast_head_json":{"title":"Ho Chi Minh Shipping Container | Shipping Containers for Sale","description":"OSG Containers offers new and used condition Ho Chi Minh shipping containers. We are able to upgrade WWT to Cargo Worthy (CW) .","robots":{"index":"index","follow":"follow","max-snippet":"max-snippet:-1","max-image-preview":"max-image-preview:large","max-video-preview":"max-video-preview:-1"},"canonical":"https:\/\/osgcontainers.com\/vn\/ho-chi-minh-shipping-container\/","og_locale":"en_US","og_type":"article","og_title":"Ho Chi Minh Shipping Container | Shipping Containers for Sale","og_description":"OSG Containers offers new and used condition Ho Chi Minh shipping containers. We are able to upgrade WWT to Cargo Worthy (CW) .","og_url":"https:\/\/osgcontainers.com\/vn\/ho-chi-minh-shipping-container\/","og_site_name":"OSG Containers Vietnam","article_modified_time":"2025-01-27T13:46:27+00:00","og_image":[{"width":1080,"height":810,"url":"https:\/\/osgcontainers.com\/vn\/wp-content\/uploads\/sites\/18\/2018\/12\/32372816_2052797214943269_7399940669155835904_o.jpg","type":"image\/jpeg"}],"twitter_card":"summary_large_image","twitter_misc":{"Est. reading time":"9 minutes"},"schema":{"@context":"https:\/\/schema.org","@graph":[{"@type":"WebPage","@id":"https:\/\/osgcontainers.com\/vn\/ho-chi-minh-shipping-container\/","url":"https:\/\/osgcontainers.com\/vn\/ho-chi-minh-shipping-container\/","name":"Ho Chi Minh Shipping Container | Shipping Containers for Sale","isPartOf":{"@id":"https:\/\/osgcontainers.com\/vn\/#website"},"primaryImageOfPage":{"@id":"https:\/\/osgcontainers.com\/vn\/ho-chi-minh-shipping-container\/#primaryimage"},"image":{"@id":"https:\/\/osgcontainers.com\/vn\/ho-chi-minh-shipping-container\/#primaryimage"},"thumbnailUrl":"https:\/\/osgcontainers.com\/vn\/wp-content\/uploads\/sites\/18\/2018\/12\/32372816_2052797214943269_7399940669155835904_o.jpg","datePublished":"2020-09-22T02:12:06+00:00","dateModified":"2025-01-27T13:46:27+00:00","description":"OSG Containers offers new and used condition Ho Chi Minh shipping containers. We are able to upgrade WWT to Cargo Worthy (CW) .","breadcrumb":{"@id":"https:\/\/osgcontainers.com\/vn\/ho-chi-minh-shipping-container\/#breadcrumb"},"inLanguage":"en-US","potentialAction":[{"@type":"ReadAction","target":["https:\/\/osgcontainers.com\/vn\/ho-chi-minh-shipping-container\/"]}]},{"@type":"ImageObject","inLanguage":"en-US","@id":"https:\/\/osgcontainers.com\/vn\/ho-chi-minh-shipping-container\/#primaryimage","url":"https:\/\/osgcontainers.com\/vn\/wp-content\/uploads\/sites\/18\/2018\/12\/32372816_2052797214943269_7399940669155835904_o.jpg","contentUrl":"https:\/\/osgcontainers.com\/vn\/wp-content\/uploads\/sites\/18\/2018\/12\/32372816_2052797214943269_7399940669155835904_o.jpg","width":1080,"height":810},{"@type":"BreadcrumbList","@id":"https:\/\/osgcontainers.com\/vn\/ho-chi-minh-shipping-container\/#breadcrumb","itemListElement":[{"@type":"ListItem","position":1,"name":"Home","item":"https:\/\/osgcontainers.com\/vn\/"},{"@type":"ListItem","position":2,"name":"Ho Chi Minh Shipping Container"}]},{"@type":"WebSite","@id":"https:\/\/osgcontainers.com\/vn\/#website","url":"https:\/\/osgcontainers.com\/vn\/","name":"OSG Containers Vietnam","description":"Buy, sell or rent containers &amp; modular space solutions in Vietnam","potentialAction":[{"@type":"SearchAction","target":{"@type":"EntryPoint","urlTemplate":"https:\/\/osgcontainers.com\/vn\/?s={search_term_string}"},"query-input":{"@type":"PropertyValueSpecification","valueRequired":true,"valueName":"search_term_string"}}],"inLanguage":"en-US"}]}},"_links":{"self":[{"href":"https:\/\/osgcontainers.com\/vn\/wp-json\/wp\/v2\/pages\/6701","targetHints":{"allow":["GET"]}}],"collection":[{"href":"https:\/\/osgcontainers.com\/vn\/wp-json\/wp\/v2\/pages"}],"about":[{"href":"https:\/\/osgcontainers.com\/vn\/wp-json\/wp\/v2\/types\/page"}],"author":[{"embeddable":true,"href":"https:\/\/osgcontainers.com\/vn\/wp-json\/wp\/v2\/users\/10"}],"replies":[{"embeddable":true,"href":"https:\/\/osgcontainers.com\/vn\/wp-json\/wp\/v2\/comments?post=6701"}],"version-history":[{"count":93,"href":"https:\/\/osgcontainers.com\/vn\/wp-json\/wp\/v2\/pages\/6701\/revisions"}],"predecessor-version":[{"id":8334,"href":"https:\/\/osgcontainers.com\/vn\/wp-json\/wp\/v2\/pages\/6701\/revisions\/8334"}],"wp:featuredmedia":[{"embeddable":true,"href":"https:\/\/osgcontainers.com\/vn\/wp-json\/wp\/v2\/media\/2429"}],"wp:attachment":[{"href":"https:\/\/osgcontainers.com\/vn\/wp-json\/wp\/v2\/media?parent=6701"}],"curies":[{"name":"wp","href":"https:\/\/api.w.org\/{rel}","templated":true}]}}