{"id":717,"date":"2018-08-24T01:57:57","date_gmt":"2018-08-24T01:57:57","guid":{"rendered":"http:\/\/osgcontainers.com\/en-au\/?page_id=717"},"modified":"2025-01-27T21:08:00","modified_gmt":"2025-01-27T13:08:00","slug":"faqs","status":"publish","type":"page","link":"https:\/\/osgcontainers.com\/vn\/faqs\/","title":{"rendered":"FAQs"},"content":{"rendered":"<h2 class=\"uppercase\">faqs<\/h2>\n<p><em>*Please note that this FAQ provides general information. For specific inquiries or more detailed answers, please don&#8217;t hesitate to contact our team directly.<\/em><\/p>\n\r\n\t\t<div class=\"tabbed-content\">\r\n\t\t\t\r\n\t\t\t<ul class=\"nav nav-line nav-vertical nav-uppercase nav-size-normal nav-left\"><li class=\"tab active has-icon\"><a href=\"#tab_th\u00d4ng-s\u1ed0-k\u1ef8-thu\u1eact-th\u00d9ng-container\"><span>TH\u00d4NG S\u1ed0 K\u1ef8 THU\u1eacT TH\u00d9NG CONTAINER<\/span><\/a><\/li>\n<li class=\"tab has-icon\"><a href=\"#tab_ch\u1ee8ng-nh\u1eacn-th\u00d9ng-container\"><span>CH\u1ee8NG NH\u1eacN TH\u00d9NG CONTAINER<\/span><\/a><\/li>\n<li class=\"tab has-icon\"><a href=\"#tab_price-&-payment\"><span>Price & Payment<\/span><\/a><\/li>\n<li class=\"tab has-icon\"><a href=\"#tab_giao-h\u00c0ng-&-v\u1eacn-chuy\u1ec2n\"><span>GIAO H\u00c0NG & V\u1eacN CHUY\u1ec2N<\/span><\/a><\/li>\n<li class=\"tab has-icon\"><a href=\"#tab_nh\u1eeeng-c\u00c2n-nh\u1eaec-v\u1ec0-ph\u00c1p-l\u00dd-v\u00c0-quy-\u0110\u1ecanh\"><span>NH\u1eeeNG C\u00c2N NH\u1eaeC V\u1ec0 PH\u00c1P L\u00dd V\u00c0 QUY \u0110\u1ecaNH<\/span><\/a><\/li>\n<li class=\"tab has-icon\"><a href=\"#tab_t\u00d9y-ch\u1ec8nh-&-s\u1eeca-\u0110\u1ed4i\"><span>T\u00d9Y CH\u1ec8NH & S\u1eecA \u0110\u1ed4I<\/span><\/a><\/li><\/ul><div class=\"tab-panels\"><div class=\"panel active entry-content\" id=\"tab_th\u00d4ng-s\u1ed0-k\u1ef8-thu\u1eact-th\u00d9ng-container\">\n<div class=\"accordion\" rel=\"1\">\n<div class=\"accordion-item\"><a href=\"#\" class=\"accordion-title plain\"><button class=\"toggle\"><i class=\"icon-angle-down\"><\/i><\/button><span>K\u00edch th\u01b0\u1edbc c\u1ee7a container v\u1eadn chuy\u1ec3n l\u00e0 g\u00ec?<\/span><\/a><div class=\"accordion-inner\">\n<p>K\u00edch th\u01b0\u1edbc <a href=\"https:\/\/osgcontainers.com\/vn\/shipping-container-dimensions\/\">th\u00f9ng container<\/a> thay \u0111\u1ed5i t\u00f9y theo lo\u1ea1i. \u0110\u1ed1i v\u1edbi th\u00f9ng container, k\u00edch th\u01b0\u1edbc ph\u1ed5 bi\u1ebfn bao g\u1ed3m chi\u1ec1u d\u00e0i 20ft (6,06m) v\u00e0 40ft (12,2m), chi\u1ec1u r\u1ed9ng 8ft (2,44m) v\u00e0 chi\u1ec1u cao 8,5ft (2,59m). Container c\u00f4ng cao, nh\u01b0 c\u00f4ng cao 40ft, c\u00f3 c\u00f9ng chi\u1ec1u d\u00e0i v\u00e0 chi\u1ec1u r\u1ed9ng nh\u01b0ng c\u00f3 chi\u1ec1u cao t\u0103ng th\u00eam l\u00e0 9,5ft (2,89m).<\/p>\n<\/div><\/div>\n<div class=\"accordion-item\"><a href=\"#\" class=\"accordion-title plain\"><button class=\"toggle\"><i class=\"icon-angle-down\"><\/i><\/button><span>T\u1ea3i tr\u1ecdng t\u1ed1i \u0111a c\u1ee7a container l\u00e0 bao nhi\u00eau?<\/span><\/a><div class=\"accordion-inner\">\n<p>T\u1ea3i tr\u1ecdng ph\u1ee5 thu\u1ed9c v\u00e0o lo\u1ea1i container; t\u1ea3i tr\u1ecdng th\u00f4ng th\u01b0\u1eddng t\u1eeb 20 \u0111\u1ebfn 30 t\u1ea5n.<\/p>\n<p>\u00a0<\/p>\n<\/div><\/div>\n<div class=\"accordion-item\"><a href=\"#\" class=\"accordion-title plain\"><button class=\"toggle\"><i class=\"icon-angle-down\"><\/i><\/button><span>container l\u00e0 m\u1edbi hay \u0111\u00e3 qua s\u1eed d\u1ee5ng?<\/span><\/a><div class=\"accordion-inner\">\n<p>Ch\u00fang t\u00f4i <a href=\"https:\/\/osgcontainers.com\/vn\/product-category\/products\/\">cung c\u1ea5p c\u1ea3 container<\/a> m\u1edbi v\u00e0 \u0111\u00e3 qua s\u1eed d\u1ee5ng \u0111\u1ec3 b\u00e1n. Vui l\u00f2ng ki\u1ec3m tra v\u1edbi nh\u00f3m b\u00e1n h\u00e0ng c\u1ee7a ch\u00fang t\u00f4i \u0111\u1ec3 bi\u1ebft t\u00ecnh tr\u1ea1ng c\u00f2n h\u00e0ng.<\/p>\n<\/div><\/div>\n<div class=\"accordion-item\"><a href=\"#\" class=\"accordion-title plain\"><button class=\"toggle\"><i class=\"icon-angle-down\"><\/i><\/button><span>s\u1ef1 kh\u00e1c nhau gi\u1eefa container m\u1edbi v\u00e0 container \u0111\u00e3 qua s\u1eed d\u1ee5ng l\u00e0 g\u00ec?<\/span><\/a><div class=\"accordion-inner\">\n<p>Container m\u1edbi ch\u01b0a qua s\u1eed d\u1ee5ng ho\u1eb7c ch\u1ec9 \u0111\u01b0\u1ee3c s\u1eed d\u1ee5ng cho m\u1ed9t chuy\u1ebfn \u0111i. Ch\u00fang c\u00f3 t\u00ecnh tr\u1ea1ng nguy\u00ean s\u01a1 v\u00e0 tu\u1ed5i th\u1ecd d\u00e0i h\u01a1n. Container \u0111\u00e3 qua s\u1eed d\u1ee5ng, m\u1eb7c d\u00f9 \u0111\u00e3 \u0111\u01b0\u1ee3c ki\u1ec3m tra k\u1ef9 l\u01b0\u1ee1ng, c\u00f3 th\u1ec3 b\u1ecb hao m\u00f2n nh\u1ecf do s\u1eed d\u1ee5ng tr\u01b0\u1edbc \u0111\u00f3. L\u1ef1a ch\u1ecdn t\u00f9y thu\u1ed9c v\u00e0o ng\u00e2n s\u00e1ch v\u00e0 m\u1ee5c \u0111\u00edch s\u1eed d\u1ee5ng c\u1ee7a b\u1ea1n.<\/p>\n<\/div><\/div>\n<div class=\"accordion-item\"><a href=\"#\" class=\"accordion-title plain\"><button class=\"toggle\"><i class=\"icon-angle-down\"><\/i><\/button><span>C\u00e1c container n\u00e0y c\u00f3 \u0111\u01b0\u1ee3c coi l\u00e0 \u0111\u1ee7 ti\u00eau chu\u1ea9n v\u1eadn chuy\u1ec3n (CW) kh\u00f4ng?<\/span><\/a><div class=\"accordion-inner\">\n<p>C\u00f3, b\u1ea1n c\u00f3 th\u1ec3 y\u00ean t\u00e2m r\u1eb1ng c\u00e1c container n\u00e0y (b\u1ea5t k\u1ec3 l\u00e0 m\u1edbi hay \u0111\u00e3 qua s\u1eed d\u1ee5ng) \u0111\u1ec1u \u0111\u1ea1t ti\u00eau chu\u1ea9n CW, \u0111\u01b0\u1ee3c s\u1eed d\u1ee5ng cho m\u1ee5c \u0111\u00edch v\u1eadn chuy\u1ec3n qu\u1ed1c t\u1ebf.<\/p>\n<\/div><\/div>\n<div class=\"accordion-item\"><a href=\"#\" class=\"accordion-title plain\"><button class=\"toggle\"><i class=\"icon-angle-down\"><\/i><\/button><span>Container c\u00f3 th\u1ec3 s\u1eed d\u1ee5ng \u0111\u01b0\u1ee3c bao l\u00e2u?<\/span><\/a><div class=\"accordion-inner\">\n<p>Tu\u1ed5i th\u1ecd c\u1ee7a container ph\u1ee5 thu\u1ed9c v\u00e0o c\u00e1c y\u1ebfu t\u1ed1 nh\u01b0 c\u00e1ch s\u1eed d\u1ee5ng, b\u1ea3o d\u01b0\u1ee1ng v\u00e0 kh\u00ed h\u1eadu. Th\u00f4ng th\u01b0\u1eddng, m\u1ed9t container v\u1eadn chuy\u1ec3n ti\u00eau chu\u1ea9n ph\u1ee5c v\u1ee5 m\u1ee5c \u0111\u00edch v\u1eadn chuy\u1ec3n c\u1ee7a n\u00f3 m\u1ed9t c\u00e1ch hi\u1ec7u qu\u1ea3 trong kho\u1ea3ng 10 \u0111\u1ebfn 15 n\u0103m tr\u01b0\u1edbc khi \u0111\u01b0\u1ee3c cho ngh\u1ec9 h\u01b0u. \u0110i\u1ec1u \u0111\u00e1ng ch\u00fa \u00fd l\u00e0 t\u1ea5m CSC (t\u1ea5m C\u00f4ng \u01b0\u1edbc an to\u00e0n container) c\u1ee7a container c\u1ea7n ph\u1ea3i \u0111\u01b0\u1ee3c gia h\u1ea1n sau m\u1ed7i 5 n\u0103m \u0111\u1ec3 duy tr\u00ec c\u00e1c ti\u00eau chu\u1ea9n an to\u00e0n.<\/p>\n<p>Sau khi ngh\u1ec9 h\u01b0u, container v\u1eadn chuy\u1ec3n c\u00f3 th\u1ec3 \u0111\u01b0\u1ee3c t\u00e1i ch\u1ebf b\u1eb1ng c\u00e1ch n\u1ea5u ch\u1ea3y ho\u1eb7c t\u00e1i s\u1eed d\u1ee5ng th\u00e0nh c\u00e1c c\u1ea5u tr\u00fac s\u00e1ng t\u1ea1o nh\u01b0 nh\u00e0 container v\u1eadn chuy\u1ec3n ho\u1eb7c v\u0103n ph\u00f2ng di \u0111\u1ed9ng b\u1eb1ng c\u00e1ch s\u1eed d\u1ee5ng c\u00e1c k\u1ef9 thu\u1eadt c\u1ea3i ti\u1ebfn container. V\u1edbi vi\u1ec7c b\u1ea3o d\u01b0\u1ee1ng \u0111\u00fang c\u00e1ch, c\u00e1c container \u0111\u00e3 \u0111\u01b0\u1ee3c t\u00e1i s\u1eed d\u1ee5ng c\u00f3 th\u1ec3 c\u00f3 tu\u1ed5i th\u1ecd k\u00e9o d\u00e0i, g\u00f3p ph\u1ea7n t\u1ea1o ra c\u00e1c gi\u1ea3i ph\u00e1p b\u1ec1n v\u1eefng v\u00e0 s\u00e1ng t\u1ea1o cho nhi\u1ec1u \u1ee9ng d\u1ee5ng kh\u00e1c nhau.<\/p>\n<\/div><\/div>\n<div class=\"accordion-item\"><a href=\"#\" class=\"accordion-title plain\"><button class=\"toggle\"><i class=\"icon-angle-down\"><\/i><\/button><span>Container c\u1ee7a b\u1ea1n c\u00f3 th\u1ec3 \u0111\u01b0\u1ee3c thu\u00ea ho\u1eb7c cho thu\u00ea kh\u00f4ng?<\/span><\/a><div class=\"accordion-inner\">\n<p>Kh\u00f4ng, ch\u00fang ch\u1ec9 c\u00f3 th\u1ec3 \u0111\u01b0\u1ee3c mua.<\/p>\n<\/div><\/div>\n<\/div>\n<div class=\"gap-element\" style=\"display:block; height:auto; padding-top:30px\" class=\"clearfix\"><\/div>\n<\/div>\n<div class=\"panel entry-content\" id=\"tab_ch\u1ee8ng-nh\u1eacn-th\u00d9ng-container\">\n<div class=\"accordion\" rel=\"1\">\n<div class=\"accordion-item\"><a href=\"#\" class=\"accordion-title plain\"><button class=\"toggle\"><i class=\"icon-angle-down\"><\/i><\/button><span>Kh\u1ea3o s\u00e1t CSC l\u00e0 g\u00ec? T\u1ea1i sao n\u00f3 l\u1ea1i quan tr\u1ecdng?<\/span><\/a><div class=\"accordion-inner\">\n<p>Kh\u1ea3o s\u00e1t CSC (C\u00f4ng \u01b0\u1edbc an to\u00e0n container) l\u00e0 cu\u1ed9c ki\u1ec3m tra \u0111\u01b0\u1ee3c ti\u1ebfn h\u00e0nh \u0111\u1ec3 \u0111\u1ea3m b\u1ea3o r\u1eb1ng m\u1ed9t container v\u1eadn chuy\u1ec3n \u0111\u00e1p \u1ee9ng c\u00e1c ti\u00eau chu\u1ea9n an to\u00e0n cho v\u1eadn chuy\u1ec3n qu\u1ed1c t\u1ebf. Cu\u1ed9c kh\u1ea3o s\u00e1t bao g\u1ed3m t\u00ednh to\u00e0n v\u1eb9n v\u1ec1 m\u1eb7t c\u1ea5u tr\u00fac, c\u00e1c t\u00ednh n\u0103ng an to\u00e0n v\u00e0 ho\u1ea1t \u0111\u1ed9ng b\u00ecnh th\u01b0\u1eddng c\u1ee7a c\u1eeda v\u00e0 ph\u1ee5 ki\u1ec7n. Ch\u1ee9ng nh\u1eadn CSC cho bi\u1ebft container ph\u00f9 h\u1ee3p \u0111\u1ec3 v\u1eadn chuy\u1ec3n v\u00e0 \u0111\u1ea3m b\u1ea3o an to\u00e0n trong qu\u00e1 tr\u00ecnh v\u1eadn chuy\u1ec3n.<\/p>\n<p>N\u1ebfu b\u1ea1n c\u1ea7n kh\u1ea3o s\u00e1t v\u00e0 ch\u1ee9ng nh\u1eadn CSC cho vi\u1ec7c mua container c\u1ee7a m\u00ecnh, vui l\u00f2ng li\u00ean h\u1ec7 v\u1edbi nh\u00f3m b\u00e1n h\u00e0ng c\u1ee7a ch\u00fang t\u00f4i \u0111\u1ec3 bi\u1ebft th\u00eam th\u00f4ng tin.<\/p>\n<\/div><\/div>\n<div class=\"accordion-item\"><a href=\"#\" class=\"accordion-title plain\"><button class=\"toggle\"><i class=\"icon-angle-down\"><\/i><\/button><span>B\u00e1o c\u00e1o v\u1ec1 kh\u1ea3 n\u0103ng v\u1eadn chuy\u1ec3n h\u00e0ng h\u00f3a l\u00e0 g\u00ec?<\/span><\/a><div class=\"accordion-inner\">\n<p>B\u00e1o c\u00e1o Cargo-Worthy (CW), c\u00f2n \u0111\u01b0\u1ee3c g\u1ecdi l\u00e0 Gi\u1ea5y ch\u1ee9ng nh\u1eadn Cargo-Worthy, \u0111\u01b0\u1ee3c c\u1ea5p sau khi m\u1ed9t container v\u01b0\u1ee3t qua qu\u00e1 tr\u00ecnh ki\u1ec3m tra k\u1ef9 l\u01b0\u1ee1ng x\u00e1c nh\u1eadn t\u00ednh ph\u00f9 h\u1ee3p c\u1ee7a container \u0111\u00f3 \u0111\u1ed1i v\u1edbi v\u1eadn chuy\u1ec3n h\u00e0ng h\u00f3a qu\u1ed1c t\u1ebf. B\u00e1o c\u00e1o n\u00e0y ch\u1ee9ng nh\u1eadn r\u1eb1ng container \u0111\u00e1p \u1ee9ng c\u00e1c ti\u00eau chu\u1ea9n c\u1ea7n thi\u1ebft \u0111\u1ec3 v\u1eadn chuy\u1ec3n an to\u00e0n v\u00e0 \u1edf trong t\u00ecnh tr\u1ea1ng t\u1ed1t \u0111\u1ec3 b\u1ea3o v\u1ec7 h\u00e0ng h\u00f3a trong qu\u00e1 tr\u00ecnh v\u1eadn chuy\u1ec3n. B\u00e1o c\u00e1o n\u00e0y r\u1ea5t c\u1ea7n thi\u1ebft \u0111\u1ec3 s\u1eed d\u1ee5ng container trong th\u01b0\u01a1ng m\u1ea1i to\u00e0n c\u1ea7u.<\/p>\n<\/div><\/div>\n<\/div>\n<\/div>\n<div class=\"panel entry-content\" id=\"tab_price-&-payment\">\n<div class=\"accordion\" rel=\"1\">\n<div class=\"accordion-item\"><a href=\"#\" class=\"accordion-title plain\"><button class=\"toggle\"><i class=\"icon-angle-down\"><\/i><\/button><span>What is the cost of the container?<\/span><\/a><div class=\"accordion-inner\">\n<p>Gi\u00e1 container thay \u0111\u1ed5i t\u00f9y theo lo\u1ea1i, k\u00edch th\u01b0\u1edbc, t\u00ecnh tr\u1ea1ng v\u00e0 v\u1ecb tr\u00ed. V\u00ed d\u1ee5, m\u1ed9t container GP 20ft \u0111\u00e3 qua s\u1eed d\u1ee5ng th\u01b0\u1eddng c\u00f3 gi\u00e1 t\u1eeb 1.500 \u0111\u1ebfn 1.800 \u0111\u00f4 la M\u1ef9, trong khi m\u1ed9t container GP 40ft \u0111\u00e3 qua s\u1eed d\u1ee5ng th\u01b0\u1eddng c\u00f3 gi\u00e1 t\u1eeb 1.500 \u0111\u1ebfn 2.500 \u0111\u00f4 la M\u1ef9. \u0110i\u1ec1u quan tr\u1ecdng c\u1ea7n l\u01b0u \u00fd l\u00e0 gi\u00e1 \u0111\u01b0\u1ee3c cung c\u1ea5p t\u00f9y thu\u1ed9c v\u00e0o t\u00ecnh tr\u1ea1ng c\u00f2n h\u00e0ng v\u00e0 bi\u1ebfn \u0111\u1ed9ng gi\u00e1 th\u1ecb tr\u01b0\u1eddng. Vui l\u00f2ng li\u00ean h\u1ec7 v\u1edbi ch\u00fang t\u00f4i \u0111\u1ec3 \u0111\u01b0\u1ee3c b\u00e1o gi\u00e1 theo y\u00eau c\u1ea7u.<\/p>\n<\/div><\/div>\n<div class=\"accordion-item\"><a href=\"#\" class=\"accordion-title plain\"><button class=\"toggle\"><i class=\"icon-angle-down\"><\/i><\/button><span>C\u00f3 th\u00eam ph\u00ed n\u00e0o ngo\u00e0i chi ph\u00ed container kh\u00f4ng?<\/span><\/a><div class=\"accordion-inner\">\n<p>C\u00e1c kho\u1ea3n ph\u00ed b\u1ed5 sung c\u00f3 th\u1ec3 bao g\u1ed3m ph\u00ed ch\u1ee9ng nh\u1eadn container, ph\u00ed x\u1eed l\u00fd kho (DHC), chi ph\u00ed y\u00eau c\u1ea7u ch\u1ee5p \u1ea3nh container v\u00e0 c\u00e1c chi ph\u00ed li\u00ean quan kh\u00e1c. Vui l\u00f2ng li\u00ean h\u1ec7 v\u1edbi nh\u00f3m b\u00e1n h\u00e0ng c\u1ee7a ch\u00fang t\u00f4i \u0111\u1ec3 h\u1ecfi v\u1ec1 th\u00f4ng tin chi ti\u1ebft.<\/p>\n<\/div><\/div>\n<div class=\"accordion-item\"><a href=\"#\" class=\"accordion-title plain\"><button class=\"toggle\"><i class=\"icon-angle-down\"><\/i><\/button><span>\u0110i\u1ec1u kho\u1ea3n thanh to\u00e1n l\u00e0 g\u00ec?<\/span><\/a><div class=\"accordion-inner\">\n<p>Ch\u00fang t\u00f4i y\u00eau c\u1ea7u thanh to\u00e1n 100% cho t\u1ea5t c\u1ea3 c\u00e1c giao d\u1ecbch mua tr\u01b0\u1edbc khi ph\u00e1t h\u00e0nh.<\/p>\n<\/div><\/div>\n<div class=\"accordion-item\"><a href=\"#\" class=\"accordion-title plain\"><button class=\"toggle\"><i class=\"icon-angle-down\"><\/i><\/button><span>Ch\u00fang t\u00f4i ch\u1ea5p nh\u1eadn h\u00ecnh th\u1ee9c thanh to\u00e1n n\u00e0o?<\/span><\/a><div class=\"accordion-inner\">\n<p>Ch\u00fang t\u00f4i ch\u1ea5p nh\u1eadn thanh to\u00e1n qua Chuy\u1ec3n kho\u1ea3n \u0111i\u1ec7n t\u00edn (TT).<\/p>\n<\/div><\/div>\n<\/div>\n<\/div>\n<div class=\"panel entry-content\" id=\"tab_giao-h\u00c0ng-&-v\u1eacn-chuy\u1ec2n\">\n<div class=\"accordion\" rel=\"1\">\n<div class=\"accordion-item\"><a href=\"#\" class=\"accordion-title plain\"><button class=\"toggle\"><i class=\"icon-angle-down\"><\/i><\/button><span>\u0110i\u1ec1u kho\u1ea3n thanh to\u00e1n l\u00e0 g\u00ec?<\/span><\/a><div class=\"accordion-inner\">\n<p>Kh\u00f4ng, ch\u00fang t\u00f4i kh\u00f4ng cung c\u1ea5p d\u1ecbch v\u1ee5 giao h\u00e0ng. Vui l\u00f2ng s\u1eafp x\u1ebfp \u0111\u1ec3 t\u1ef1 thu gom c\u00e1c container th\u00f4ng qua m\u1ed9t c\u00f4ng ty v\u1eadn t\u1ea3i \u0111\u1ecba ph\u01b0\u01a1ng.<\/p>\n<\/div><\/div>\n<div class=\"accordion-item\"><a href=\"#\" class=\"accordion-title plain\"><button class=\"toggle\"><i class=\"icon-angle-down\"><\/i><\/button><span>Th\u1eddi gian giao h\u00e0ng trung b\u00ecnh cho m\u1ed9t \u0111\u01a1n h\u00e0ng l\u00e0 bao l\u00e2u?<\/span><\/a><div class=\"accordion-inner\">\n<p>Th\u1eddi gian giao h\u00e0ng thay \u0111\u1ed5i t\u00f9y thu\u1ed9c v\u00e0o c\u00e1c y\u1ebfu t\u1ed1 nh\u01b0 t\u00ecnh tr\u1ea1ng s\u1eb5n c\u00f3 c\u1ee7a container v\u00e0 ho\u00e0n t\u1ea5t thanh to\u00e1n. Th\u00f4ng th\u01b0\u1eddng, container c\u00f3 th\u1ec3 s\u1eb5n s\u00e0ng \u0111\u1ec3 nh\u1eadn trong v\u00f2ng 5 \u0111\u1ebfn 7 ng\u00e0y l\u00e0m vi\u1ec7c sau khi x\u00e1c nh\u1eadn \u0111\u01a1n h\u00e0ng v\u00e0 nh\u1eadn \u0111\u01b0\u1ee3c thanh to\u00e1n. \u0110\u1ec3 \u01b0\u1edbc t\u00ednh ch\u00ednh x\u00e1c h\u01a1n, nh\u00f3m c\u1ee7a ch\u00fang t\u00f4i s\u1ebd cung c\u1ea5p th\u00f4ng tin chi ti\u1ebft khi b\u1ea1n \u0111\u1eb7t h\u00e0ng.<\/p>\n<\/div><\/div>\n<\/div>\n<\/div>\n<div class=\"panel entry-content\" id=\"tab_nh\u1eeeng-c\u00c2n-nh\u1eaec-v\u1ec0-ph\u00c1p-l\u00dd-v\u00c0-quy-\u0110\u1ecanh\">\n<div class=\"accordion\" rel=\"\">\n<div class=\"accordion-item\"><a href=\"#\" class=\"accordion-title plain\"><button class=\"toggle\"><i class=\"icon-angle-down\"><\/i><\/button><span>C\u00f3 th\u00eam ph\u00ed n\u00e0o ngo\u00e0i chi ph\u00ed container kh\u00f4ng?<\/span><\/a><div class=\"accordion-inner\">\n<p>C\u00e1c kho\u1ea3n ph\u00ed b\u1ed5 sung c\u00f3 th\u1ec3 bao g\u1ed3m ph\u00ed ch\u1ee9ng nh\u1eadn container, ph\u00ed x\u1eed l\u00fd kho (DHC), chi ph\u00ed y\u00eau c\u1ea7u ch\u1ee5p \u1ea3nh container v\u00e0 c\u00e1c chi ph\u00ed li\u00ean quan kh\u00e1c. Vui l\u00f2ng li\u00ean h\u1ec7 v\u1edbi nh\u00f3m b\u00e1n h\u00e0ng c\u1ee7a ch\u00fang t\u00f4i \u0111\u1ec3 h\u1ecfi v\u1ec1 th\u00f4ng tin chi ti\u1ebft.<\/p>\n<\/div><\/div>\n<\/div>\n<\/div>\n<div class=\"panel entry-content\" id=\"tab_t\u00d9y-ch\u1ec8nh-&-s\u1eeca-\u0110\u1ed4i\">\n<div class=\"accordion\" rel=\"\">\n<div class=\"accordion-item\"><a href=\"#\" class=\"accordion-title plain\"><button class=\"toggle\"><i class=\"icon-angle-down\"><\/i><\/button><span>B\u1ea1n c\u00f3 cung c\u1ea5p d\u1ecbch v\u1ee5 s\u1eeda \u0111\u1ed5i ho\u1eb7c t\u00f9y ch\u1ec9nh kh\u00f4ng?<\/span><\/a><div class=\"accordion-inner\">\n<p>Ch\u00fang t\u00f4i cung c\u1ea5p d\u1ecbch v\u1ee5 s\u1eeda \u0111\u1ed5i v\u00e0 t\u00f9y ch\u1ec9nh, nh\u01b0ng t\u00ednh kh\u1ea3 thi ph\u1ee5 thu\u1ed9c v\u00e0o c\u00e1c y\u00eau c\u1ea7u c\u1ee5 th\u1ec3. \u0110\u1ec3 bi\u1ebft th\u00eam chi ti\u1ebft, vui l\u00f2ng li\u00ean h\u1ec7 v\u1edbi nh\u00f3m b\u00e1n h\u00e0ng c\u1ee7a ch\u00fang t\u00f4i.<\/p>\n<\/div><\/div>\n<\/div>\n<\/div><\/div><\/div>\n<div class=\"gap-element\" style=\"display:block; height:auto; padding-top:30px\" class=\"clearfix\"><\/div>\n<div class=\"row\"  id=\"row-517300038\">\n<div class=\"col medium-6 small-12 large-6\"  ><div class=\"col-inner\"  >\n\t<div class=\"img has-hover x md-x lg-x y md-y lg-y\" id=\"image_784850701\">\r\n\t\t<a href=\"http:\/\/osgcontainers.com\/en-vn\/contact\/\" target=\"_blank\" class=\"\">\t\t\t\t\t\t<div class=\"img-inner dark\" >\r\n\t\t\t<img loading=\"lazy\" decoding=\"async\" width=\"910\" height=\"800\" src=\"https:\/\/osgcontainers.com\/vn\/wp-content\/uploads\/sites\/18\/2018\/12\/OSG-FAQ-Andy-910x800.jpg\" class=\"attachment-large size-large\" alt=\"\" srcset=\"https:\/\/osgcontainers.com\/vn\/wp-content\/uploads\/sites\/18\/2018\/12\/OSG-FAQ-Andy-910x800.jpg 910w, https:\/\/osgcontainers.com\/vn\/wp-content\/uploads\/sites\/18\/2018\/12\/OSG-FAQ-Andy-510x448.jpg 510w, https:\/\/osgcontainers.com\/vn\/wp-content\/uploads\/sites\/18\/2018\/12\/OSG-FAQ-Andy-455x400.jpg 455w, https:\/\/osgcontainers.com\/vn\/wp-content\/uploads\/sites\/18\/2018\/12\/OSG-FAQ-Andy-768x675.jpg 768w, https:\/\/osgcontainers.com\/vn\/wp-content\/uploads\/sites\/18\/2018\/12\/OSG-FAQ-Andy.jpg 1609w\" sizes=\"auto, (max-width: 910px) 100vw, 910px\" \/>\t\t\t\t\t\t\r\n\t\t\t\t\t<\/div>\r\n\t\t\t\t\t\t<\/a>\t\t\n<style scope=\"scope\">\n\n#image_784850701 {\n  width: 100%;\n}\n<\/style>\n\t<\/div>\r\n\t\n<\/div><\/div>\n<div class=\"col medium-6 small-12 large-6\"  ><div class=\"col-inner\"  >\n<\/div><\/div>\n<\/div>\n<div class=\"gap-element\" style=\"display:block; height:auto; padding-top:30px\" class=\"clearfix\"><\/div>\n","protected":false},"excerpt":{"rendered":"<p>faqs *Please note that this FAQ provides general information. For specific inquiries or more detailed answers, please don&#8217;t hesitate to contact our team directly.<\/p>\n","protected":false},"author":1,"featured_media":2322,"parent":0,"menu_order":0,"comment_status":"closed","ping_status":"closed","template":"","meta":{"_monsterinsights_skip_tracking":false,"_monsterinsights_sitenote_active":false,"_monsterinsights_sitenote_note":"","_monsterinsights_sitenote_category":0,"footnotes":""},"class_list":["post-717","page","type-page","status-publish","has-post-thumbnail","hentry"],"yoast_head":"<!-- This site is optimized with the Yoast SEO plugin v27.4 - https:\/\/yoast.com\/product\/yoast-seo-wordpress\/ -->\n<title>FAQs - OSG Containers Vietnam<\/title>\n<meta name=\"robots\" content=\"index, follow, max-snippet:-1, max-image-preview:large, max-video-preview:-1\" \/>\n<link rel=\"canonical\" href=\"https:\/\/osgcontainers.com\/vn\/faqs\/\" \/>\n<meta property=\"og:locale\" content=\"en_US\" \/>\n<meta property=\"og:type\" content=\"article\" \/>\n<meta property=\"og:title\" content=\"FAQs - OSG Containers Vietnam\" \/>\n<meta property=\"og:description\" content=\"faqs *Please note that this FAQ provides general information. For specific inquiries or more detailed answers, please don&#8217;t hesitate to contact our team directly.\" \/>\n<meta property=\"og:url\" content=\"https:\/\/osgcontainers.com\/vn\/faqs\/\" \/>\n<meta property=\"og:site_name\" content=\"OSG Containers Vietnam\" \/>\n<meta property=\"article:modified_time\" content=\"2025-01-27T13:08:00+00:00\" \/>\n<meta property=\"og:image\" content=\"https:\/\/osgcontainers.com\/vn\/wp-content\/uploads\/sites\/18\/2018\/11\/40ft-GP-Container-PW1.jpg\" \/>\n\t<meta property=\"og:image:width\" content=\"400\" \/>\n\t<meta property=\"og:image:height\" content=\"400\" \/>\n\t<meta property=\"og:image:type\" content=\"image\/jpeg\" \/>\n<meta name=\"twitter:card\" content=\"summary_large_image\" \/>\n<meta name=\"twitter:label1\" content=\"Est. reading time\" \/>\n\t<meta name=\"twitter:data1\" content=\"9 minutes\" \/>\n<script type=\"application\/ld+json\" class=\"yoast-schema-graph\">{\"@context\":\"https:\\\/\\\/schema.org\",\"@graph\":[{\"@type\":\"WebPage\",\"@id\":\"https:\\\/\\\/osgcontainers.com\\\/vn\\\/faqs\\\/\",\"url\":\"https:\\\/\\\/osgcontainers.com\\\/vn\\\/faqs\\\/\",\"name\":\"FAQs - OSG Containers Vietnam\",\"isPartOf\":{\"@id\":\"https:\\\/\\\/osgcontainers.com\\\/vn\\\/#website\"},\"primaryImageOfPage\":{\"@id\":\"https:\\\/\\\/osgcontainers.com\\\/vn\\\/faqs\\\/#primaryimage\"},\"image\":{\"@id\":\"https:\\\/\\\/osgcontainers.com\\\/vn\\\/faqs\\\/#primaryimage\"},\"thumbnailUrl\":\"https:\\\/\\\/osgcontainers.com\\\/vn\\\/wp-content\\\/uploads\\\/sites\\\/18\\\/2018\\\/11\\\/40ft-GP-Container-PW1.jpg\",\"datePublished\":\"2018-08-24T01:57:57+00:00\",\"dateModified\":\"2025-01-27T13:08:00+00:00\",\"breadcrumb\":{\"@id\":\"https:\\\/\\\/osgcontainers.com\\\/vn\\\/faqs\\\/#breadcrumb\"},\"inLanguage\":\"en-US\",\"potentialAction\":[{\"@type\":\"ReadAction\",\"target\":[\"https:\\\/\\\/osgcontainers.com\\\/vn\\\/faqs\\\/\"]}]},{\"@type\":\"ImageObject\",\"inLanguage\":\"en-US\",\"@id\":\"https:\\\/\\\/osgcontainers.com\\\/vn\\\/faqs\\\/#primaryimage\",\"url\":\"https:\\\/\\\/osgcontainers.com\\\/vn\\\/wp-content\\\/uploads\\\/sites\\\/18\\\/2018\\\/11\\\/40ft-GP-Container-PW1.jpg\",\"contentUrl\":\"https:\\\/\\\/osgcontainers.com\\\/vn\\\/wp-content\\\/uploads\\\/sites\\\/18\\\/2018\\\/11\\\/40ft-GP-Container-PW1.jpg\",\"width\":400,\"height\":400},{\"@type\":\"BreadcrumbList\",\"@id\":\"https:\\\/\\\/osgcontainers.com\\\/vn\\\/faqs\\\/#breadcrumb\",\"itemListElement\":[{\"@type\":\"ListItem\",\"position\":1,\"name\":\"Home\",\"item\":\"https:\\\/\\\/osgcontainers.com\\\/vn\\\/\"},{\"@type\":\"ListItem\",\"position\":2,\"name\":\"FAQs\"}]},{\"@type\":\"WebSite\",\"@id\":\"https:\\\/\\\/osgcontainers.com\\\/vn\\\/#website\",\"url\":\"https:\\\/\\\/osgcontainers.com\\\/vn\\\/\",\"name\":\"OSG Containers Vietnam\",\"description\":\"Buy, sell or rent containers &amp; modular space solutions in Vietnam\",\"potentialAction\":[{\"@type\":\"SearchAction\",\"target\":{\"@type\":\"EntryPoint\",\"urlTemplate\":\"https:\\\/\\\/osgcontainers.com\\\/vn\\\/?s={search_term_string}\"},\"query-input\":{\"@type\":\"PropertyValueSpecification\",\"valueRequired\":true,\"valueName\":\"search_term_string\"}}],\"inLanguage\":\"en-US\"}]}<\/script>\n<!-- \/ Yoast SEO plugin. -->","yoast_head_json":{"title":"FAQs - OSG Containers Vietnam","robots":{"index":"index","follow":"follow","max-snippet":"max-snippet:-1","max-image-preview":"max-image-preview:large","max-video-preview":"max-video-preview:-1"},"canonical":"https:\/\/osgcontainers.com\/vn\/faqs\/","og_locale":"en_US","og_type":"article","og_title":"FAQs - OSG Containers Vietnam","og_description":"faqs *Please note that this FAQ provides general information. For specific inquiries or more detailed answers, please don&#8217;t hesitate to contact our team directly.","og_url":"https:\/\/osgcontainers.com\/vn\/faqs\/","og_site_name":"OSG Containers Vietnam","article_modified_time":"2025-01-27T13:08:00+00:00","og_image":[{"width":400,"height":400,"url":"https:\/\/osgcontainers.com\/vn\/wp-content\/uploads\/sites\/18\/2018\/11\/40ft-GP-Container-PW1.jpg","type":"image\/jpeg"}],"twitter_card":"summary_large_image","twitter_misc":{"Est. reading time":"9 minutes"},"schema":{"@context":"https:\/\/schema.org","@graph":[{"@type":"WebPage","@id":"https:\/\/osgcontainers.com\/vn\/faqs\/","url":"https:\/\/osgcontainers.com\/vn\/faqs\/","name":"FAQs - OSG Containers Vietnam","isPartOf":{"@id":"https:\/\/osgcontainers.com\/vn\/#website"},"primaryImageOfPage":{"@id":"https:\/\/osgcontainers.com\/vn\/faqs\/#primaryimage"},"image":{"@id":"https:\/\/osgcontainers.com\/vn\/faqs\/#primaryimage"},"thumbnailUrl":"https:\/\/osgcontainers.com\/vn\/wp-content\/uploads\/sites\/18\/2018\/11\/40ft-GP-Container-PW1.jpg","datePublished":"2018-08-24T01:57:57+00:00","dateModified":"2025-01-27T13:08:00+00:00","breadcrumb":{"@id":"https:\/\/osgcontainers.com\/vn\/faqs\/#breadcrumb"},"inLanguage":"en-US","potentialAction":[{"@type":"ReadAction","target":["https:\/\/osgcontainers.com\/vn\/faqs\/"]}]},{"@type":"ImageObject","inLanguage":"en-US","@id":"https:\/\/osgcontainers.com\/vn\/faqs\/#primaryimage","url":"https:\/\/osgcontainers.com\/vn\/wp-content\/uploads\/sites\/18\/2018\/11\/40ft-GP-Container-PW1.jpg","contentUrl":"https:\/\/osgcontainers.com\/vn\/wp-content\/uploads\/sites\/18\/2018\/11\/40ft-GP-Container-PW1.jpg","width":400,"height":400},{"@type":"BreadcrumbList","@id":"https:\/\/osgcontainers.com\/vn\/faqs\/#breadcrumb","itemListElement":[{"@type":"ListItem","position":1,"name":"Home","item":"https:\/\/osgcontainers.com\/vn\/"},{"@type":"ListItem","position":2,"name":"FAQs"}]},{"@type":"WebSite","@id":"https:\/\/osgcontainers.com\/vn\/#website","url":"https:\/\/osgcontainers.com\/vn\/","name":"OSG Containers Vietnam","description":"Buy, sell or rent containers &amp; modular space solutions in Vietnam","potentialAction":[{"@type":"SearchAction","target":{"@type":"EntryPoint","urlTemplate":"https:\/\/osgcontainers.com\/vn\/?s={search_term_string}"},"query-input":{"@type":"PropertyValueSpecification","valueRequired":true,"valueName":"search_term_string"}}],"inLanguage":"en-US"}]}},"_links":{"self":[{"href":"https:\/\/osgcontainers.com\/vn\/wp-json\/wp\/v2\/pages\/717","targetHints":{"allow":["GET"]}}],"collection":[{"href":"https:\/\/osgcontainers.com\/vn\/wp-json\/wp\/v2\/pages"}],"about":[{"href":"https:\/\/osgcontainers.com\/vn\/wp-json\/wp\/v2\/types\/page"}],"author":[{"embeddable":true,"href":"https:\/\/osgcontainers.com\/vn\/wp-json\/wp\/v2\/users\/1"}],"replies":[{"embeddable":true,"href":"https:\/\/osgcontainers.com\/vn\/wp-json\/wp\/v2\/comments?post=717"}],"version-history":[{"count":82,"href":"https:\/\/osgcontainers.com\/vn\/wp-json\/wp\/v2\/pages\/717\/revisions"}],"predecessor-version":[{"id":8327,"href":"https:\/\/osgcontainers.com\/vn\/wp-json\/wp\/v2\/pages\/717\/revisions\/8327"}],"wp:featuredmedia":[{"embeddable":true,"href":"https:\/\/osgcontainers.com\/vn\/wp-json\/wp\/v2\/media\/2322"}],"wp:attachment":[{"href":"https:\/\/osgcontainers.com\/vn\/wp-json\/wp\/v2\/media?parent=717"}],"curies":[{"name":"wp","href":"https:\/\/api.w.org\/{rel}","templated":true}]}}