{"id":6866,"date":"2020-09-24T11:52:32","date_gmt":"2020-09-24T03:52:32","guid":{"rendered":"https:\/\/osgcontainers.com\/en-au\/?post_type=product&#038;p=6866"},"modified":"2025-08-03T03:11:19","modified_gmt":"2025-08-02T19:11:19","slug":"20ft-x-8ft-gp-container","status":"publish","type":"product","link":"https:\/\/osgcontainers.com\/vn\/product\/20ft-x-8ft-gp-container\/","title":{"rendered":"Container kh\u00f4 20ft x 8ft"},"content":{"rendered":"<h2>T\u1ed5ng Quan<\/h2>\n<p>Ch\u00e0o m\u1eebng b\u1ea1n \u0111\u1ebfn v\u1edbi OSG Container, \u0111\u01a1n v\u1ecb cung c\u1ea5p gi\u1ea3i ph\u00e1p l\u01b0u tr\u1eef b\u1ec1n b\u1ec9 v\u00e0 \u0111a d\u1ea1ng. Container kh\u00f4 20ft x 8ft c\u1ee7a ch\u00fang t\u00f4i \u0111\u01b0\u1ee3c thi\u1ebft k\u1ebf \u0111\u1ec3 \u0111\u00e1p \u1ee9ng nhu c\u1ea7u l\u01b0u tr\u1eef v\u00e0 v\u1eadn chuy\u1ec3n c\u1ee7a c\u00e1c doanh nghi\u1ec7p v\u00e0 c\u00e1 nh\u00e2n, mang l\u1ea1i s\u1ef1 b\u1ea3o v\u1ec7 tuy\u1ec7t v\u1eddi v\u00e0 ti\u1ec7n \u00edch t\u1ed1i \u01b0u cho h\u00e0ng h\u00f3a c\u1ee7a b\u1ea1n. D\u00f9 b\u1ea1n c\u1ea7n m\u1ed9t th\u00f9ng container \u0111\u1ec3 v\u1eadn chuy\u1ec3n h\u00e0ng h\u00f3a, l\u01b0u tr\u1eef t\u1ea1i c\u00f4ng tr\u01b0\u1eddng hay cho nhu c\u1ea7u c\u00e1 nh\u00e2n, container kh\u00f4 20ft x 8ft c\u1ee7a OSG s\u1ebd l\u00e0 gi\u1ea3i ph\u00e1p l\u00fd t\u01b0\u1edfng.<\/p>\n<h2>Th\u00f4ng S\u1ed1 K\u1ef9 Thu\u1eadt<\/h2>\n<h3>K\u00edch Th\u01b0\u1edbc:<\/h3>\n<p>K\u00edch th\u01b0\u1edbc ngo\u00e0i (D x R x C): 20ft x 8ft x 8.6ft (6,06m x 2,44m x 2,59m)<br \/>\nK\u00edch th\u01b0\u1edbc trong (D x R x C): 19.5ft x 7.7ft x 7.9ft (5,91m x 2,34m x 2,38m)<br \/>\nTr\u1ecdng l\u01b0\u1ee3ng t\u1ecbnh: Kho\u1ea3ng 2.300 kg<br \/>\nKh\u1ed1i l\u01b0\u1ee3ng h\u00e0ng h\u00f3a t\u1ed1i \u0111a: Kho\u1ea3ng 28.300 kg<br \/>\nTr\u1ecdng l\u01b0\u1ee3ng t\u1ed5ng: Kho\u1ea3ng 30.600 kg<\/p>\n<h3>Ch\u1ea5t li\u1ec7u:<\/h3>\n<p><span style=\"font-weight: 400;\">Ch\u1ebf t\u1ea1o t\u1eeb th\u00e9p ch\u1ed1ng g\u1ec9 ch\u1ea5t l\u01b0\u1ee3ng cao, gi\u00fap container kh\u00f4 c\u00f3 kh\u1ea3 n\u0103ng ch\u1ed1ng ch\u1ecbu cao v\u00e0 \u0111\u1ed9 b\u1ec1n l\u00e2u d\u00e0i.<\/span><\/p>\n<h3>C\u1ea5u tr\u00fac c\u1eeda:<\/h3>\n<p>C\u1eeda \u0111\u00f4i \u1edf cu\u1ed1i th\u00f9ng container, d\u1ec5 d\u00e0ng m\u1edf v\u00e0 \u0111\u00f3ng.<br \/>\nC\u1eeda \u0111\u01b0\u1ee3c trang b\u1ecb d\u00e2y ni\u00eam phong ch\u1ed1ng th\u1ea5m \u0111\u1ec3 b\u1ea3o v\u1ec7 h\u00e0ng h\u00f3a b\u00ean trong kh\u1ecfi c\u00e1c y\u1ebfu t\u1ed1 b\u00ean ngo\u00e0i.<\/p>\n<h3>S\u00e0n th\u00f9ng:<\/h3>\n<p>S\u1eed d\u1ee5ng v\u00e1n \u00e9p ch\u1ea5t l\u01b0\u1ee3ng cao \u0111\u1ec3 l\u00e0m s\u00e0n, gi\u00fap t\u0103ng c\u01b0\u1eddng kh\u1ea3 n\u0103ng ch\u1ecbu t\u1ea3i v\u00e0 b\u1ec1n b\u1ec9 trong th\u1eddi gian d\u00e0i.<br \/>\nB\u1ec1 m\u1eb7t kh\u00f4ng tr\u01a1n, gi\u00fap vi\u1ec7c x\u1ebfp d\u1ee1 h\u00e0ng h\u00f3a tr\u1edf n\u00ean an to\u00e0n h\u01a1n.<\/p>\n<h3>Th\u00f4ng gi\u00f3:<\/h3>\n<p>C\u00e1c l\u1ed7 th\u00f4ng gi\u00f3 \u0111\u01b0\u1ee3c thi\u1ebft k\u1ebf \u1edf c\u00e1c v\u1ecb tr\u00ed th\u00edch h\u1ee3p \u0111\u1ec3 gi\u00fap th\u00f4ng tho\u00e1ng, ng\u0103n ch\u1eb7n s\u1ef1 t\u00edch t\u1ee5 h\u01a1i n\u01b0\u1edbc b\u00ean trong th\u00f9ng.<\/p>\n<h2>T\u00ednh N\u0103ng N\u1ed5i B\u1eadt &amp; L\u1ee3i \u00cdch<\/h2>\n<h3>B\u1ec1n B\u1ec9 &amp; Ch\u1ed1ng Th\u1eddi Ti\u1ebft<\/h3>\n<p>Container kh\u00f4 20ft x 8ft c\u1ee7a OSG \u0111\u01b0\u1ee3c ch\u1ebf t\u1ea1o \u0111\u1ec3 ch\u1ecbu \u0111\u1ef1ng c\u00e1c \u0111i\u1ec1u ki\u1ec7n th\u1eddi ti\u1ebft kh\u1eafc nghi\u1ec7t. V\u1edbi kh\u1ea3 n\u0103ng ch\u1ed1ng g\u1ec9 s\u00e9t v\u00e0 phai m\u00e0u, b\u1ea1n c\u00f3 th\u1ec3 y\u00ean t\u00e2m r\u1eb1ng h\u00e0ng h\u00f3a s\u1ebd \u0111\u01b0\u1ee3c b\u1ea3o v\u1ec7 an to\u00e0n d\u00f9 trong b\u1ea5t k\u1ef3 \u0111i\u1ec1u ki\u1ec7n th\u1eddi ti\u1ebft n\u00e0o.<\/p>\n<h3>Dung T\u00edch L\u1edbn<\/h3>\n<p>V\u1edbi chi\u1ec1u d\u00e0i 20 feet v\u00e0 chi\u1ec1u r\u1ed9ng 8 feet, container kh\u00f4 mang \u0111\u1ebfn kh\u00f4ng gian r\u1ed9ng r\u00e3i \u0111\u1ec3 ch\u1ee9a \u0111\u1ef1ng m\u1ed9t l\u01b0\u1ee3ng h\u00e0ng h\u00f3a l\u1edbn. Cho d\u00f9 b\u1ea1n c\u1ea7n l\u01b0u tr\u1eef \u0111\u1ed3 \u0111\u1ea1c gia \u0111\u00ecnh hay v\u1eadn chuy\u1ec3n c\u00e1c s\u1ea3n ph\u1ea9m c\u00f4ng nghi\u1ec7p, container kh\u00f4 \u0111\u1ec1u \u0111\u00e1p \u1ee9ng \u0111\u01b0\u1ee3c m\u1ecdi y\u00eau c\u1ea7u v\u1ec1 dung t\u00edch.<\/p>\n<h3>An To\u00e0n &amp; B\u1ea3o M\u1eadt<\/h3>\n<p>Container kh\u00f4 OSG \u0111\u01b0\u1ee3c trang b\u1ecb c\u00e1c t\u00ednh n\u0103ng b\u1ea3o m\u1eadt ti\u00ean ti\u1ebfn, bao g\u1ed3m h\u1ed9p kh\u00f3a ch\u1eafc ch\u1eafn gi\u00fap ng\u0103n ng\u1eeba vi\u1ec7c truy c\u1eadp tr\u00e1i ph\u00e9p. H\u1ec7 th\u1ed1ng kh\u00f3a c\u1eeda v\u00e0 c\u01a1 ch\u1ebf kh\u00f3a an to\u00e0n b\u1ea3o v\u1ec7 h\u00e0ng h\u00f3a kh\u1ecfi s\u1ef1 can thi\u1ec7p b\u00ean ngo\u00e0i.<\/p>\n<h3>Dung T\u00edch L\u1edbn<\/h3>\n<p>V\u1edbi chi\u1ec1u d\u00e0i 20 feet v\u00e0 chi\u1ec1u r\u1ed9ng 8 feet, container kh\u00f4 mang \u0111\u1ebfn kh\u00f4ng gian r\u1ed9ng r\u00e3i \u0111\u1ec3 ch\u1ee9a \u0111\u1ef1ng m\u1ed9t l\u01b0\u1ee3ng h\u00e0ng h\u00f3a l\u1edbn. Cho d\u00f9 b\u1ea1n c\u1ea7n l\u01b0u tr\u1eef \u0111\u1ed3 \u0111\u1ea1c gia \u0111\u00ecnh hay v\u1eadn chuy\u1ec3n c\u00e1c s\u1ea3n ph\u1ea9m c\u00f4ng nghi\u1ec7p, container kh\u00f4 \u0111\u1ec1u \u0111\u00e1p \u1ee9ng \u0111\u01b0\u1ee3c m\u1ecdi y\u00eau c\u1ea7u v\u1ec1 dung t\u00edch.<\/p>\n<h3>An To\u00e0n &amp; B\u1ea3o M\u1eadt<\/h3>\n<p>Container kh\u00f4 OSG \u0111\u01b0\u1ee3c trang b\u1ecb c\u00e1c t\u00ednh n\u0103ng b\u1ea3o m\u1eadt ti\u00ean ti\u1ebfn, bao g\u1ed3m h\u1ed9p kh\u00f3a ch\u1eafc ch\u1eafn gi\u00fap ng\u0103n ng\u1eeba vi\u1ec7c truy c\u1eadp tr\u00e1i ph\u00e9p. H\u1ec7 th\u1ed1ng kh\u00f3a c\u1eeda v\u00e0 c\u01a1 ch\u1ebf kh\u00f3a an to\u00e0n b\u1ea3o v\u1ec7 h\u00e0ng h\u00f3a kh\u1ecfi s\u1ef1 can thi\u1ec7p b\u00ean ngo\u00e0i.<\/p>\n<h3>\u0110a D\u1ea1ng \u1ee8ng D\u1ee5ng<\/h3>\n<p>Container kh\u00f4 20ft x 8ft c\u00f3 th\u1ec3 \u0111\u01b0\u1ee3c s\u1eed d\u1ee5ng cho nhi\u1ec1u m\u1ee5c \u0111\u00edch kh\u00e1c nhau: v\u1eadn chuy\u1ec3n h\u00e0ng h\u00f3a, l\u01b0u tr\u1eef t\u1ea1i c\u00f4ng tr\u01b0\u1eddng, v\u0103n ph\u00f2ng di \u0111\u1ed9ng, v\u00e0 l\u01b0u tr\u1eef c\u00e1 nh\u00e2n. \u0110\u1eb7c bi\u1ec7t, th\u00f9ng container ph\u00f9 h\u1ee3p v\u1edbi nhi\u1ec1u ng\u00e0nh c\u00f4ng nghi\u1ec7p nh\u01b0 x\u00e2y d\u1ef1ng, logistics, b\u00e1n l\u1ebb, v\u00e0 n\u00f4ng nghi\u1ec7p.<\/p>\n<h3>D\u1ec5 D\u00e0ng V\u1eadn Chuy\u1ec3n<\/h3>\n<p>Container kh\u00f4 c\u00f3 th\u1ec3 d\u1ec5 d\u00e0ng v\u1eadn chuy\u1ec3n b\u1eb1ng c\u00e1c ph\u01b0\u01a1ng ti\u1ec7n xe t\u1ea3i, t\u00e0u h\u1ecfa, ho\u1eb7c t\u00e0u bi\u1ec3n, gi\u00fap b\u1ea1n linh ho\u1ea1t trong vi\u1ec7c l\u1ef1a ch\u1ecdn ph\u01b0\u01a1ng th\u1ee9c v\u1eadn chuy\u1ec3n. V\u1edbi k\u00edch th\u01b0\u1edbc chu\u1ea9n qu\u1ed1c t\u1ebf, container kh\u00f4 OSG ph\u00f9 h\u1ee3p cho c\u1ea3 v\u1eadn chuy\u1ec3n n\u1ed9i \u0111\u1ecba v\u00e0 v\u1eadn chuy\u1ec3n qu\u1ed1c t\u1ebf.<\/p>\n<h3>Gi\u1ea3i Ph\u00e1p Ti\u1ebft Ki\u1ec7m Chi Ph\u00ed<\/h3>\n<p>L\u1ef1a ch\u1ecdn container kh\u00f4 OSG kh\u00f4ng ch\u1ec9 mang \u0111\u1ebfn gi\u1ea3i ph\u00e1p l\u01b0u tr\u1eef v\u00e0 v\u1eadn chuy\u1ec3n hi\u1ec7u qu\u1ea3 m\u00e0 c\u00f2n gi\u00fap b\u1ea1n ti\u1ebft ki\u1ec7m chi ph\u00ed. Ch\u00fang t\u00f4i cung c\u1ea5p c\u00e1c s\u1ea3n ph\u1ea9m c\u00f3 gi\u00e1 c\u1ea3 h\u1ee3p l\u00fd nh\u01b0ng v\u1eabn \u0111\u1ea3m b\u1ea3o ch\u1ea5t l\u01b0\u1ee3ng v\u00e0 t\u00ednh b\u1ec1n v\u1eefng.<\/p>\n<h3>T\u00f9y Ch\u1ec9nh Theo Nhu C\u1ea7u<\/h3>\n<p>Ch\u00fang t\u00f4i hi\u1ec3u r\u1eb1ng m\u1ed7i ng\u00e0nh ngh\u1ec1 c\u00f3 nh\u1eefng y\u00eau c\u1ea7u kh\u00e1c nhau, v\u00ec v\u1eady OSG Container cung c\u1ea5p c\u00e1c t\u00f9y ch\u1ecdn t\u00f9y ch\u1ec9nh cho container kh\u00f4 20ft x 8ft. B\u1ea1n c\u00f3 th\u1ec3 ch\u1ecdn m\u00e0u s\u1eafc, t\u00f9y ch\u1ec9nh s\u00e0n, ho\u1eb7c c\u00e1c ph\u1ee5 ki\u1ec7n b\u1ed5 sung nh\u01b0 c\u1eeda ph\u1ee5, l\u1ed7 th\u00f4ng gi\u00f3 th\u00eam, hay k\u1ec7 b\u00ean trong \u0111\u1ec3 t\u1ed1i \u01b0u h\u00f3a kh\u00f4ng gian l\u01b0u tr\u1eef.<\/p>\n<h2>\u1ee8ng D\u1ee5ng<\/h2>\n<h3>V\u1eadn Chuy\u1ec3n H\u00e0ng H\u00f3a<\/h3>\n<p>Container kh\u00f4 20ft x 8ft l\u00e0 l\u1ef1a ch\u1ecdn l\u00fd t\u01b0\u1edfng cho v\u1eadn chuy\u1ec3n qu\u1ed1c t\u1ebf v\u00e0 v\u1eadn chuy\u1ec3n n\u1ed9i \u0111\u1ecba. Th\u00f9ng \u0111\u01b0\u1ee3c thi\u1ebft k\u1ebf \u0111\u1ec3 t\u01b0\u01a1ng th\u00edch v\u1edbi h\u1ec7 th\u1ed1ng x\u1ebfp d\u1ee1 chu\u1ea9n, gi\u00fap vi\u1ec7c v\u1eadn chuy\u1ec3n h\u00e0ng h\u00f3a qua xe t\u1ea3i, t\u00e0u h\u1ecfa, v\u00e0 t\u00e0u bi\u1ec3n tr\u1edf n\u00ean d\u1ec5 d\u00e0ng v\u00e0 thu\u1eadn ti\u1ec7n.<\/p>\n<h3>C\u00f4ng Tr\u01b0\u1eddng X\u00e2y D\u1ef1ng<\/h3>\n<p>V\u1edbi kh\u1ea3 n\u0103ng ch\u1ecbu l\u1ef1c cao v\u00e0 c\u1ea5u tr\u00fac v\u1eefng ch\u1eafc, container kh\u00f4 l\u00fd t\u01b0\u1edfng \u0111\u1ec3 l\u01b0u tr\u1eef thi\u1ebft b\u1ecb, d\u1ee5ng c\u1ee5 v\u00e0 v\u1eadt li\u1ec7u x\u00e2y d\u1ef1ng. Ngo\u00e0i ra, container kh\u00f4 c\u00f2n c\u00f3 th\u1ec3 \u0111\u01b0\u1ee3c s\u1eed d\u1ee5ng l\u00e0m v\u0103n ph\u00f2ng t\u1ea1m th\u1eddi cho c\u00e1c c\u00f4ng tr\u01b0\u1eddng c\u00f3 kh\u00f4ng gian h\u1ea1n ch\u1ebf.<\/p>\n<h3>L\u01b0u Tr\u1eef H\u00e0ng H\u00f3a B\u00e1n L\u1ebb<\/h3>\n<p>C\u00e1c nh\u00e0 b\u00e1n l\u1ebb v\u00e0 nh\u00e0 ph\u00e2n ph\u1ed1i c\u00f3 th\u1ec3 t\u1eadn d\u1ee5ng container kh\u00f4 20ft x 8ft \u0111\u1ec3 l\u01b0u tr\u1eef h\u00e0ng h\u00f3a tr\u01b0\u1edbc khi xu\u1ea5t kho. V\u1edbi ch\u1ea5t li\u1ec7u b\u1ec1n v\u1eefng v\u00e0 kh\u1ea3 n\u0103ng b\u1ea3o v\u1ec7 tuy\u1ec7t v\u1eddi, th\u00f9ng gi\u00fap b\u1ea3o v\u1ec7 h\u00e0ng h\u00f3a kh\u1ecfi c\u00e1c y\u1ebfu t\u1ed1 m\u00f4i tr\u01b0\u1eddng.<\/p>\n<h3>L\u01b0u Tr\u1eef C\u00e1 Nh\u00e2n<\/h3>\n<p>Container kh\u00f4 20ft x 8ft l\u00e0 gi\u1ea3i ph\u00e1p l\u00fd t\u01b0\u1edfng cho c\u00e1c l\u01b0u tr\u1eef c\u00e1 nh\u00e2n, gi\u00fap b\u1ea1n gi\u1eef \u0111\u1ed3 \u0111\u1ea1c, \u0111\u1ed3 d\u00f9ng trong nh\u00e0, ho\u1eb7c v\u1eadt d\u1ee5ng di chuy\u1ec3n an to\u00e0n v\u00e0 ti\u1ec7n l\u1ee3i. N\u1ebfu b\u1ea1n \u0111ang chuy\u1ec3n nh\u00e0 ho\u1eb7c c\u1ea7n kh\u00f4ng gian l\u01b0u tr\u1eef d\u00e0i h\u1ea1n, container kh\u00f4 c\u1ee7a OSG ch\u00ednh l\u00e0 l\u1ef1a ch\u1ecdn ho\u00e0n h\u1ea3o.<\/p>\n<h3>S\u1eed D\u1ee5ng Trong N\u00f4ng Nghi\u1ec7p<\/h3>\n<p>N\u00f4ng d\u00e2n v\u00e0 c\u00e1c doanh nghi\u1ec7p n\u00f4ng nghi\u1ec7p c\u00f3 th\u1ec3 s\u1eed d\u1ee5ng container kh\u00f4 \u0111\u1ec3 l\u01b0u tr\u1eef m\u00e1y m\u00f3c, nguy\u00ean li\u1ec7u n\u00f4ng s\u1ea3n, ho\u1eb7c c\u00e1c c\u00f4ng c\u1ee5. V\u1edbi kh\u1ea3 n\u0103ng b\u1ea3o v\u1ec7 tuy\u1ec7t v\u1eddi, container kh\u00f4 gi\u00fap b\u1ea3o qu\u1ea3n s\u1ea3n ph\u1ea9m kh\u1ecfi t\u00e1c \u0111\u1ed9ng c\u1ee7a th\u1eddi ti\u1ebft.<\/p>\n<h3>T\u1ea1i Sao N\u00ean Ch\u1ecdn OSG Container?<\/h3>\n<p>\u0110\u1ed9 Tin C\u1eady Cao: OSG Container cam k\u1ebft cung c\u1ea5p s\u1ea3n ph\u1ea9m ch\u1ea5t l\u01b0\u1ee3ng cao, ch\u1ecbu \u0111\u01b0\u1ee3c th\u1eed th\u00e1ch th\u1eddi gian. Container kh\u00f4 c\u1ee7a ch\u00fang t\u00f4i \u0111\u01b0\u1ee3c thi\u1ebft k\u1ebf \u0111\u1ec3 \u0111\u1ea3m b\u1ea3o an to\u00e0n v\u00e0 b\u1ec1n b\u1ec9 trong m\u1ecdi \u0111i\u1ec1u ki\u1ec7n.<\/p>\n<p>D\u1ecbch V\u1ee5 Kh\u00e1ch H\u00e0ng Xu\u1ea5t S\u1eafc: Ch\u00fang t\u00f4i lu\u00f4n s\u1eb5n s\u00e0ng h\u1ed7 tr\u1ee3 v\u00e0 gi\u1ea3i \u0111\u00e1p m\u1ecdi th\u1eafc m\u1eafc c\u1ee7a kh\u00e1ch h\u00e0ng. \u0110\u1ed9i ng\u0169 OSG s\u1ebd t\u01b0 v\u1ea5n v\u00e0 gi\u00fap b\u1ea1n l\u1ef1a ch\u1ecdn s\u1ea3n ph\u1ea9m ph\u00f9 h\u1ee3p nh\u1ea5t v\u1edbi nhu c\u1ea7u.<\/p>\n<p>Gi\u00e1 C\u1ea3 H\u1ee3p L\u00fd: Ch\u00fang t\u00f4i cung c\u1ea5p container kh\u00f4ch\u1ea5t l\u01b0\u1ee3ng v\u1edbi gi\u00e1 c\u1ea3 c\u1ea1nh tranh. D\u00f9 b\u1ea1n mua s\u1ed1 l\u01b0\u1ee3ng l\u1edbn hay ch\u1ec9 m\u1ed9t th\u00f9ng, OSG lu\u00f4n \u0111\u1ea3m b\u1ea3o m\u1ee9c gi\u00e1 h\u1ee3p l\u00fd.<\/p>\n<p>Giao H\u00e0ng To\u00e0n C\u1ea7u: OSG Container cung c\u1ea5p d\u1ecbch v\u1ee5 giao h\u00e0ng to\u00e0n c\u1ea7u, \u0111\u1ea3m b\u1ea3o b\u1ea1n s\u1ebd nh\u1eadn \u0111\u01b0\u1ee3c container kh\u00f4 \u0111\u00fang h\u1eb9n v\u00e0 trong t\u00ecnh tr\u1ea1ng ho\u00e0n h\u1ea3o.<\/p>\n<h2>Li\u00ean H\u1ec7 V\u1edbi Ch\u00fang T\u00f4i<\/h2>\n<p>S\u1eb5n s\u00e0ng \u0111\u1ea7u t\u01b0 v\u00e0o gi\u1ea3i ph\u00e1p l\u01b0u tr\u1eef hi\u1ec7u qu\u1ea3? H\u00e3y li\u00ean h\u1ec7 v\u1edbi ch\u00fang t\u00f4i \u0111\u1ec3 t\u00ecm hi\u1ec3u th\u00eam v\u1ec1 container kh\u00f4 20ft x 8ft, nh\u1eadn b\u00e1o gi\u00e1 ho\u1eb7c gi\u1ea3i \u0111\u00e1p m\u1ecdi th\u1eafc m\u1eafc. \u0110\u1ed9i ng\u0169 OSG Container lu\u00f4n s\u1eb5n s\u00e0ng h\u1ed7 tr\u1ee3 b\u1ea1n.<\/p>\n<p>OSG Container \u2013 \u0110\u1ed1i T\u00e1c Tin C\u1eady Cho Gi\u1ea3i Ph\u00e1p L\u01b0u Tr\u1eef An To\u00e0n v\u00e0 B\u1ec1n B\u1ec9!<\/p>\n<p>&nbsp;<\/p>\n","protected":false},"excerpt":{"rendered":"<p>Click <a href=\"http:\/\/osgcontainers.com\/en-vn\/shipping-container\/\" target=\"_blank\" rel=\"noopener noreferrer\">here<\/a> for more details<\/p>\n","protected":false},"featured_media":7486,"template":"","meta":{"_monsterinsights_skip_tracking":false,"_monsterinsights_sitenote_active":false,"_monsterinsights_sitenote_note":"","_monsterinsights_sitenote_category":0},"product_brand":[],"product_cat":[15],"product_tag":[],"class_list":{"0":"post-6866","1":"product","2":"type-product","3":"status-publish","4":"has-post-thumbnail","6":"product_cat-products","7":"tm-has-options","9":"first","10":"instock","11":"shipping-taxable","12":"purchasable","13":"product-type-simple"},"yoast_head":"<!-- This site is optimized with the Yoast SEO plugin v27.4 - https:\/\/yoast.com\/product\/yoast-seo-wordpress\/ -->\n<title>Container kh\u00f4 20ft x 8ft - OSG Containers Vietnam<\/title>\n<meta name=\"robots\" content=\"index, follow, max-snippet:-1, max-image-preview:large, max-video-preview:-1\" \/>\n<link rel=\"canonical\" href=\"https:\/\/osgcontainers.com\/vn\/product\/20ft-x-8ft-gp-container\/\" \/>\n<meta property=\"og:locale\" content=\"en_US\" \/>\n<meta property=\"og:type\" content=\"article\" \/>\n<meta property=\"og:title\" content=\"Container kh\u00f4 20ft x 8ft - OSG Containers Vietnam\" \/>\n<meta property=\"og:description\" content=\"Click here for more details\" \/>\n<meta property=\"og:url\" content=\"https:\/\/osgcontainers.com\/vn\/product\/20ft-x-8ft-gp-container\/\" \/>\n<meta property=\"og:site_name\" content=\"OSG Containers Vietnam\" \/>\n<meta property=\"article:modified_time\" content=\"2025-08-02T19:11:19+00:00\" \/>\n<meta property=\"og:image\" content=\"http:\/\/osgcontainers.com\/vn\/wp-content\/uploads\/sites\/18\/2020\/09\/20ft-Gp-Container-1_.jpg\" \/>\n\t<meta property=\"og:image:width\" content=\"800\" \/>\n\t<meta property=\"og:image:height\" content=\"800\" \/>\n\t<meta property=\"og:image:type\" content=\"image\/jpeg\" \/>\n<meta name=\"twitter:card\" content=\"summary_large_image\" \/>\n<meta name=\"twitter:label1\" content=\"Est. reading time\" \/>\n\t<meta name=\"twitter:data1\" content=\"6 minutes\" \/>\n<script type=\"application\/ld+json\" class=\"yoast-schema-graph\">{\"@context\":\"https:\\\/\\\/schema.org\",\"@graph\":[{\"@type\":\"WebPage\",\"@id\":\"https:\\\/\\\/osgcontainers.com\\\/vn\\\/product\\\/20ft-x-8ft-gp-container\\\/\",\"url\":\"https:\\\/\\\/osgcontainers.com\\\/vn\\\/product\\\/20ft-x-8ft-gp-container\\\/\",\"name\":\"Container kh\u00f4 20ft x 8ft - OSG Containers Vietnam\",\"isPartOf\":{\"@id\":\"https:\\\/\\\/osgcontainers.com\\\/vn\\\/#website\"},\"primaryImageOfPage\":{\"@id\":\"https:\\\/\\\/osgcontainers.com\\\/vn\\\/product\\\/20ft-x-8ft-gp-container\\\/#primaryimage\"},\"image\":{\"@id\":\"https:\\\/\\\/osgcontainers.com\\\/vn\\\/product\\\/20ft-x-8ft-gp-container\\\/#primaryimage\"},\"thumbnailUrl\":\"https:\\\/\\\/osgcontainers.com\\\/vn\\\/wp-content\\\/uploads\\\/sites\\\/18\\\/2020\\\/09\\\/20ft-Gp-Container-1_.jpg\",\"datePublished\":\"2020-09-24T03:52:32+00:00\",\"dateModified\":\"2025-08-02T19:11:19+00:00\",\"breadcrumb\":{\"@id\":\"https:\\\/\\\/osgcontainers.com\\\/vn\\\/product\\\/20ft-x-8ft-gp-container\\\/#breadcrumb\"},\"inLanguage\":\"en-US\",\"potentialAction\":[{\"@type\":\"ReadAction\",\"target\":[\"https:\\\/\\\/osgcontainers.com\\\/vn\\\/product\\\/20ft-x-8ft-gp-container\\\/\"]}]},{\"@type\":\"ImageObject\",\"inLanguage\":\"en-US\",\"@id\":\"https:\\\/\\\/osgcontainers.com\\\/vn\\\/product\\\/20ft-x-8ft-gp-container\\\/#primaryimage\",\"url\":\"https:\\\/\\\/osgcontainers.com\\\/vn\\\/wp-content\\\/uploads\\\/sites\\\/18\\\/2020\\\/09\\\/20ft-Gp-Container-1_.jpg\",\"contentUrl\":\"https:\\\/\\\/osgcontainers.com\\\/vn\\\/wp-content\\\/uploads\\\/sites\\\/18\\\/2020\\\/09\\\/20ft-Gp-Container-1_.jpg\",\"width\":800,\"height\":800},{\"@type\":\"BreadcrumbList\",\"@id\":\"https:\\\/\\\/osgcontainers.com\\\/vn\\\/product\\\/20ft-x-8ft-gp-container\\\/#breadcrumb\",\"itemListElement\":[{\"@type\":\"ListItem\",\"position\":1,\"name\":\"Home\",\"item\":\"https:\\\/\\\/osgcontainers.com\\\/vn\\\/\"},{\"@type\":\"ListItem\",\"position\":2,\"name\":\"Shop\",\"item\":\"https:\\\/\\\/osgcontainers.com\\\/vn\\\/shop\\\/\"},{\"@type\":\"ListItem\",\"position\":3,\"name\":\"Container kh\u00f4 20ft x 8ft\"}]},{\"@type\":\"WebSite\",\"@id\":\"https:\\\/\\\/osgcontainers.com\\\/vn\\\/#website\",\"url\":\"https:\\\/\\\/osgcontainers.com\\\/vn\\\/\",\"name\":\"OSG Containers Vietnam\",\"description\":\"Buy, sell or rent containers &amp; modular space solutions in Vietnam\",\"potentialAction\":[{\"@type\":\"SearchAction\",\"target\":{\"@type\":\"EntryPoint\",\"urlTemplate\":\"https:\\\/\\\/osgcontainers.com\\\/vn\\\/?s={search_term_string}\"},\"query-input\":{\"@type\":\"PropertyValueSpecification\",\"valueRequired\":true,\"valueName\":\"search_term_string\"}}],\"inLanguage\":\"en-US\"}]}<\/script>\n<!-- \/ Yoast SEO plugin. -->","yoast_head_json":{"title":"Container kh\u00f4 20ft x 8ft - OSG Containers Vietnam","robots":{"index":"index","follow":"follow","max-snippet":"max-snippet:-1","max-image-preview":"max-image-preview:large","max-video-preview":"max-video-preview:-1"},"canonical":"https:\/\/osgcontainers.com\/vn\/product\/20ft-x-8ft-gp-container\/","og_locale":"en_US","og_type":"article","og_title":"Container kh\u00f4 20ft x 8ft - OSG Containers Vietnam","og_description":"Click here for more details","og_url":"https:\/\/osgcontainers.com\/vn\/product\/20ft-x-8ft-gp-container\/","og_site_name":"OSG Containers Vietnam","article_modified_time":"2025-08-02T19:11:19+00:00","og_image":[{"width":800,"height":800,"url":"http:\/\/osgcontainers.com\/vn\/wp-content\/uploads\/sites\/18\/2020\/09\/20ft-Gp-Container-1_.jpg","type":"image\/jpeg"}],"twitter_card":"summary_large_image","twitter_misc":{"Est. reading time":"6 minutes"},"schema":{"@context":"https:\/\/schema.org","@graph":[{"@type":"WebPage","@id":"https:\/\/osgcontainers.com\/vn\/product\/20ft-x-8ft-gp-container\/","url":"https:\/\/osgcontainers.com\/vn\/product\/20ft-x-8ft-gp-container\/","name":"Container kh\u00f4 20ft x 8ft - OSG Containers Vietnam","isPartOf":{"@id":"https:\/\/osgcontainers.com\/vn\/#website"},"primaryImageOfPage":{"@id":"https:\/\/osgcontainers.com\/vn\/product\/20ft-x-8ft-gp-container\/#primaryimage"},"image":{"@id":"https:\/\/osgcontainers.com\/vn\/product\/20ft-x-8ft-gp-container\/#primaryimage"},"thumbnailUrl":"https:\/\/osgcontainers.com\/vn\/wp-content\/uploads\/sites\/18\/2020\/09\/20ft-Gp-Container-1_.jpg","datePublished":"2020-09-24T03:52:32+00:00","dateModified":"2025-08-02T19:11:19+00:00","breadcrumb":{"@id":"https:\/\/osgcontainers.com\/vn\/product\/20ft-x-8ft-gp-container\/#breadcrumb"},"inLanguage":"en-US","potentialAction":[{"@type":"ReadAction","target":["https:\/\/osgcontainers.com\/vn\/product\/20ft-x-8ft-gp-container\/"]}]},{"@type":"ImageObject","inLanguage":"en-US","@id":"https:\/\/osgcontainers.com\/vn\/product\/20ft-x-8ft-gp-container\/#primaryimage","url":"https:\/\/osgcontainers.com\/vn\/wp-content\/uploads\/sites\/18\/2020\/09\/20ft-Gp-Container-1_.jpg","contentUrl":"https:\/\/osgcontainers.com\/vn\/wp-content\/uploads\/sites\/18\/2020\/09\/20ft-Gp-Container-1_.jpg","width":800,"height":800},{"@type":"BreadcrumbList","@id":"https:\/\/osgcontainers.com\/vn\/product\/20ft-x-8ft-gp-container\/#breadcrumb","itemListElement":[{"@type":"ListItem","position":1,"name":"Home","item":"https:\/\/osgcontainers.com\/vn\/"},{"@type":"ListItem","position":2,"name":"Shop","item":"https:\/\/osgcontainers.com\/vn\/shop\/"},{"@type":"ListItem","position":3,"name":"Container kh\u00f4 20ft x 8ft"}]},{"@type":"WebSite","@id":"https:\/\/osgcontainers.com\/vn\/#website","url":"https:\/\/osgcontainers.com\/vn\/","name":"OSG Containers Vietnam","description":"Buy, sell or rent containers &amp; modular space solutions in Vietnam","potentialAction":[{"@type":"SearchAction","target":{"@type":"EntryPoint","urlTemplate":"https:\/\/osgcontainers.com\/vn\/?s={search_term_string}"},"query-input":{"@type":"PropertyValueSpecification","valueRequired":true,"valueName":"search_term_string"}}],"inLanguage":"en-US"}]}},"_links":{"self":[{"href":"https:\/\/osgcontainers.com\/vn\/wp-json\/wp\/v2\/product\/6866","targetHints":{"allow":["GET"]}}],"collection":[{"href":"https:\/\/osgcontainers.com\/vn\/wp-json\/wp\/v2\/product"}],"about":[{"href":"https:\/\/osgcontainers.com\/vn\/wp-json\/wp\/v2\/types\/product"}],"wp:featuredmedia":[{"embeddable":true,"href":"https:\/\/osgcontainers.com\/vn\/wp-json\/wp\/v2\/media\/7486"}],"wp:attachment":[{"href":"https:\/\/osgcontainers.com\/vn\/wp-json\/wp\/v2\/media?parent=6866"}],"wp:term":[{"taxonomy":"product_brand","embeddable":true,"href":"https:\/\/osgcontainers.com\/vn\/wp-json\/wp\/v2\/product_brand?post=6866"},{"taxonomy":"product_cat","embeddable":true,"href":"https:\/\/osgcontainers.com\/vn\/wp-json\/wp\/v2\/product_cat?post=6866"},{"taxonomy":"product_tag","embeddable":true,"href":"https:\/\/osgcontainers.com\/vn\/wp-json\/wp\/v2\/product_tag?post=6866"}],"curies":[{"name":"wp","href":"https:\/\/api.w.org\/{rel}","templated":true}]}}